{"id":19253,"date":"2024-09-09T23:09:36","date_gmt":"2024-09-09T23:09:36","guid":{"rendered":"https:\/\/tusa.viewsite.link\/europe\/product\/conjunto-de-viaje-para-adultos-visio-tri-ex\/"},"modified":"2024-09-09T23:09:36","modified_gmt":"2024-09-09T23:09:36","slug":"conjunto-de-viaje-para-adultos-visio-tri-ex","status":"publish","type":"product","link":"https:\/\/tusa.viewsite.link\/europe\/es\/producto\/conjunto-de-viaje-para-adultos-visio-tri-ex\/","title":{"rendered":"Conjunto de viaje para adultos Visio Tri-Ex"},"content":{"rendered":"<p>The VISIO TRI-EX adult travel set includes the UM-31 Visio Tri-Ex mask, the USP-250 Snorkel, and the UF-21 Fins. <br \/>[break]<br \/>The UM-31 Visio Tri-ex mask is a revolutionary 3-window design that offers an ultra-wide 168\u00b0 panoramic view. This amazingly wide viewing angle is achieved by the incorporation of domed side windows and the significant reduction of frame structure around the lenses, increasing the field of vision by dramatically over traditional masks. The UM-31 mask gently conforms to the contours of your face. Constructed with pure silicone, this mask has been crafted for divers who want a wide front lens combined with a low volume design. The USP-250 dry snorkel features TUSA Hyperdry Elite dry top technology (pat p) that stops water from entering into the snorkel, a drain chamber and purge valve for easy clearing, and pure silicone swivel and mouthpiece.     Las aletas UF-21 tienen un avanzado dise\u00f1o de pala larga multiflex, tecnolog\u00eda de canal de empuje para una propulsi\u00f3n superior y el calzante est\u00e1 fabricado con un compuesto suave y duradero dise\u00f1ado para ofrecer comodidad. The open-heel design allows for quick and easy size adjustment and the silicone heel strap enhances comfort and durability. This fin is engineered to provide a lot of power for its compact size. The fins are lightweight and ideal for travel. Comes standard with a travel bag.    <br \/>\n&nbsp;<\/p>\n<p><strong>Dimensiones:<\/strong><\/p>\n<p>\u200e18.3 x 9.4 x 4.3 in<\/p>\n","protected":false},"excerpt":{"rendered":"<p>El set de viaje VISIO TRI-EX para adultos incluye la m\u00e1scara UM-31 Visio Tri-Ex, el tubo de snorkel USP-250 y las aletas UF-21.<\/p>\n","protected":false},"featured_media":13770,"comment_status":"closed","ping_status":"closed","template":"","meta":{"_acf_changed":false},"product_cat":[443],"product_tag":[],"class_list":{"0":"post-19253","1":"product","2":"type-product","3":"status-publish","4":"has-post-thumbnail","6":"product_cat-sets-de-viaje-para-adultos","8":"first","9":"instock","10":"purchasable","11":"product-type-variable"},"acf":[],"_links":{"self":[{"href":"https:\/\/tusa.viewsite.link\/europe\/es\/wp-json\/wp\/v2\/product\/19253","targetHints":{"allow":["GET"]}}],"collection":[{"href":"https:\/\/tusa.viewsite.link\/europe\/es\/wp-json\/wp\/v2\/product"}],"about":[{"href":"https:\/\/tusa.viewsite.link\/europe\/es\/wp-json\/wp\/v2\/types\/product"}],"replies":[{"embeddable":true,"href":"https:\/\/tusa.viewsite.link\/europe\/es\/wp-json\/wp\/v2\/comments?post=19253"}],"wp:featuredmedia":[{"embeddable":true,"href":"https:\/\/tusa.viewsite.link\/europe\/es\/wp-json\/wp\/v2\/media\/13770"}],"wp:attachment":[{"href":"https:\/\/tusa.viewsite.link\/europe\/es\/wp-json\/wp\/v2\/media?parent=19253"}],"wp:term":[{"taxonomy":"product_cat","embeddable":true,"href":"https:\/\/tusa.viewsite.link\/europe\/es\/wp-json\/wp\/v2\/product_cat?post=19253"},{"taxonomy":"product_tag","embeddable":true,"href":"https:\/\/tusa.viewsite.link\/europe\/es\/wp-json\/wp\/v2\/product_tag?post=19253"}],"curies":[{"name":"wp","href":"https:\/\/api.w.org\/{rel}","templated":true}]}}