{"id":19226,"date":"2024-09-09T23:09:36","date_gmt":"2024-09-09T23:09:36","guid":{"rendered":"https:\/\/tusa.viewsite.link\/europe\/product\/set-de-viaje-sereno-para-adulto-blanco\/"},"modified":"2024-09-09T23:09:36","modified_gmt":"2024-09-09T23:09:36","slug":"set-de-viaje-sereno-para-adulto-blanco","status":"publish","type":"product","link":"https:\/\/tusa.viewsite.link\/europe\/es\/producto\/set-de-viaje-sereno-para-adulto-blanco\/","title":{"rendered":"Set de Viaje Sereno para Adulto &#8211; Blanco"},"content":{"rendered":"<p>The SERENE UC-1521QB adult travel set includes a UM-16 Serene mask and a USP-250 snorkel. The UM-16 Serene mask gently conforms to the contours of your face. Constructed with pure silicone, the Serene has been crafted for divers who want a wide field of view combined with a low volume design.  <\/p>\n<p> The USP-250 dry snorkel features TUSA Hyperdry Elite dry top technology (pat) that stops water from entering into the snorkel, a drain chamber and purge valve for easy clearing, and crystal silicone mouthpiece. <\/p>\n<p> Las aletas UF-21 tienen un avanzado dise\u00f1o de pala larga multiflex, tecnolog\u00eda de canal de empuje para una propulsi\u00f3n superior y el calzante est\u00e1 fabricado con un compuesto suave y duradero dise\u00f1ado para ofrecer comodidad. The open-heel design allows for quick and easy size adjustment and the silicone heel strap enhances comfort and durability. This fin is engineered to provide a lot of power for its compact size. The fins are lightweight and ideal for travel.  <\/p>\n<p>&nbsp;<\/p>\n<p><strong>Dimensiones:<\/strong><\/p>\n<p>18,7&#215;9,1&#215;3,9 pulg.<br \/>\n Peso del producto: 2,16<\/p>\n","protected":false},"excerpt":{"rendered":"<p>El set de viaje para adultos SERENE UC-1625QB incluye una m\u00e1scara Serene UM-16 y un tubo USP-250. La m\u00e1scara UM-16 Serene se adapta suavemente al contorno de tu cara. Fabricada con silicona pura, la Serene ha sido elaborada para buceadores que desean un amplio campo de visi\u00f3n combinado con un dise\u00f1o de bajo volumen.  <\/p>\n","protected":false},"featured_media":13762,"comment_status":"closed","ping_status":"closed","template":"","meta":{"_acf_changed":false},"product_cat":[443],"product_tag":[],"class_list":{"0":"post-19226","1":"product","2":"type-product","3":"status-publish","4":"has-post-thumbnail","6":"product_cat-sets-de-viaje-para-adultos","8":"first","9":"instock","10":"purchasable","11":"product-type-variable"},"acf":[],"_links":{"self":[{"href":"https:\/\/tusa.viewsite.link\/europe\/es\/wp-json\/wp\/v2\/product\/19226","targetHints":{"allow":["GET"]}}],"collection":[{"href":"https:\/\/tusa.viewsite.link\/europe\/es\/wp-json\/wp\/v2\/product"}],"about":[{"href":"https:\/\/tusa.viewsite.link\/europe\/es\/wp-json\/wp\/v2\/types\/product"}],"replies":[{"embeddable":true,"href":"https:\/\/tusa.viewsite.link\/europe\/es\/wp-json\/wp\/v2\/comments?post=19226"}],"wp:featuredmedia":[{"embeddable":true,"href":"https:\/\/tusa.viewsite.link\/europe\/es\/wp-json\/wp\/v2\/media\/13762"}],"wp:attachment":[{"href":"https:\/\/tusa.viewsite.link\/europe\/es\/wp-json\/wp\/v2\/media?parent=19226"}],"wp:term":[{"taxonomy":"product_cat","embeddable":true,"href":"https:\/\/tusa.viewsite.link\/europe\/es\/wp-json\/wp\/v2\/product_cat?post=19226"},{"taxonomy":"product_tag","embeddable":true,"href":"https:\/\/tusa.viewsite.link\/europe\/es\/wp-json\/wp\/v2\/product_tag?post=19226"}],"curies":[{"name":"wp","href":"https:\/\/api.w.org\/{rel}","templated":true}]}}