{"id":19150,"date":"2024-09-09T23:09:36","date_gmt":"2024-09-09T23:09:36","guid":{"rendered":"https:\/\/tusa.viewsite.link\/europe\/product\/cuchilla-orca\/"},"modified":"2024-09-09T23:09:36","modified_gmt":"2024-09-09T23:09:36","slug":"cuchilla-orca","status":"publish","type":"product","link":"https:\/\/tusa.viewsite.link\/europe\/es\/producto\/cuchilla-orca\/","title":{"rendered":"Cuchilla ORCA"},"content":{"rendered":"<p>La m\u00e1scara ORCA V-230A Blade reduce la resistencia y el arrastre gracias a sus lentes de forma \u00fanica, lo que proporciona a los nadadores de competici\u00f3n una ventaja sobre sus rivales. The curved Blade goggle shape provides improved water flow, minimizing drag over conventional Blade goggles. The Blade ORCA goggle comes with four (4) interchangeable nosepieces. The adjustable split head strap allows for quick and easy adjustments. A Super Anti-Fog treatment provides ultra clear vision.   <\/p>\n<p>&nbsp;<\/p>\n<p><strong>Dimensiones:<\/strong><\/p>\n<p>7,8 x 2,48 x 1,72 pulg.<\/p>\n","protected":false},"excerpt":{"rendered":"<p>La m\u00e1scara ORCA V-230A Blade reduce la resistencia y el arrastre gracias a sus lentes de forma \u00fanica, lo que proporciona a los nadadores de competici\u00f3n una ventaja sobre sus rivales.<\/p>\n","protected":false},"featured_media":13956,"comment_status":"closed","ping_status":"closed","template":"","meta":{"_acf_changed":false},"product_cat":[427,447],"product_tag":[],"class_list":{"0":"post-19150","1":"product","2":"type-product","3":"status-publish","4":"has-post-thumbnail","6":"product_cat-todas-las-gafas","7":"product_cat-carreras","9":"first","10":"instock","11":"purchasable","12":"product-type-variable"},"acf":[],"_links":{"self":[{"href":"https:\/\/tusa.viewsite.link\/europe\/es\/wp-json\/wp\/v2\/product\/19150","targetHints":{"allow":["GET"]}}],"collection":[{"href":"https:\/\/tusa.viewsite.link\/europe\/es\/wp-json\/wp\/v2\/product"}],"about":[{"href":"https:\/\/tusa.viewsite.link\/europe\/es\/wp-json\/wp\/v2\/types\/product"}],"replies":[{"embeddable":true,"href":"https:\/\/tusa.viewsite.link\/europe\/es\/wp-json\/wp\/v2\/comments?post=19150"}],"wp:featuredmedia":[{"embeddable":true,"href":"https:\/\/tusa.viewsite.link\/europe\/es\/wp-json\/wp\/v2\/media\/13956"}],"wp:attachment":[{"href":"https:\/\/tusa.viewsite.link\/europe\/es\/wp-json\/wp\/v2\/media?parent=19150"}],"wp:term":[{"taxonomy":"product_cat","embeddable":true,"href":"https:\/\/tusa.viewsite.link\/europe\/es\/wp-json\/wp\/v2\/product_cat?post=19150"},{"taxonomy":"product_tag","embeddable":true,"href":"https:\/\/tusa.viewsite.link\/europe\/es\/wp-json\/wp\/v2\/product_tag?post=19150"}],"curies":[{"name":"wp","href":"https:\/\/api.w.org\/{rel}","templated":true}]}}