{"id":18999,"date":"2024-09-09T23:09:36","date_gmt":"2024-09-09T23:09:36","guid":{"rendered":"https:\/\/tusa.viewsite.link\/europe\/product\/x-treme\/"},"modified":"2024-09-09T23:09:36","modified_gmt":"2024-09-09T23:09:36","slug":"x-treme","status":"publish","type":"product","link":"https:\/\/tusa.viewsite.link\/europe\/es\/producto\/x-treme\/","title":{"rendered":"X-Treme"},"content":{"rendered":"<p>La m\u00e1scara V-1000 es un dise\u00f1o hidrodin\u00e1mico de perfil bajo que proporciona la m\u00e1xima comodidad y una visibilidad superior al nadar o practicar deportes acu\u00e1ticos en cualquier entorno. The V-1000\u2019s reduced frame structure and revolutionary Quick Buckle System (pat pen.) significantly reduces drag over similar products. The V-1000\u2019s high quality round-edge silicone skirt offers a watertight seal and comfort during workouts. The V-1000 protects against UVA\/UVB light and offers 180 degrees of unobstructed visibility.  <\/p>\n<p>&nbsp;<\/p>\n<p><strong>Dimensiones:<\/strong><\/p>\n<p>3,5 x 2,7 x 1 pulg.<\/p>\n","protected":false},"excerpt":{"rendered":"<p>La m\u00e1scara V-1000 es un dise\u00f1o hidrodin\u00e1mico de perfil bajo que proporciona la m\u00e1xima comodidad y una visibilidad superior al nadar o practicar deportes acu\u00e1ticos en cualquier entorno.<\/p>\n","protected":false},"featured_media":14003,"comment_status":"closed","ping_status":"closed","template":"","meta":{"_acf_changed":false},"product_cat":[427,439],"product_tag":[],"class_list":{"0":"post-18999","1":"product","2":"type-product","3":"status-publish","4":"has-post-thumbnail","6":"product_cat-todas-las-gafas","7":"product_cat-recreativo","9":"first","10":"instock","11":"purchasable","12":"product-type-variable"},"acf":[],"_links":{"self":[{"href":"https:\/\/tusa.viewsite.link\/europe\/es\/wp-json\/wp\/v2\/product\/18999","targetHints":{"allow":["GET"]}}],"collection":[{"href":"https:\/\/tusa.viewsite.link\/europe\/es\/wp-json\/wp\/v2\/product"}],"about":[{"href":"https:\/\/tusa.viewsite.link\/europe\/es\/wp-json\/wp\/v2\/types\/product"}],"replies":[{"embeddable":true,"href":"https:\/\/tusa.viewsite.link\/europe\/es\/wp-json\/wp\/v2\/comments?post=18999"}],"wp:featuredmedia":[{"embeddable":true,"href":"https:\/\/tusa.viewsite.link\/europe\/es\/wp-json\/wp\/v2\/media\/14003"}],"wp:attachment":[{"href":"https:\/\/tusa.viewsite.link\/europe\/es\/wp-json\/wp\/v2\/media?parent=18999"}],"wp:term":[{"taxonomy":"product_cat","embeddable":true,"href":"https:\/\/tusa.viewsite.link\/europe\/es\/wp-json\/wp\/v2\/product_cat?post=18999"},{"taxonomy":"product_tag","embeddable":true,"href":"https:\/\/tusa.viewsite.link\/europe\/es\/wp-json\/wp\/v2\/product_tag?post=18999"}],"curies":[{"name":"wp","href":"https:\/\/api.w.org\/{rel}","templated":true}]}}