{"id":18736,"date":"2024-09-09T23:09:52","date_gmt":"2024-09-09T23:09:52","guid":{"rendered":"https:\/\/tusa.viewsite.link\/europe\/product\/cuchilla-swipe-orca-espejada\/"},"modified":"2024-09-09T23:09:52","modified_gmt":"2024-09-09T23:09:52","slug":"cuchilla-swipe-orca-espejada","status":"publish","type":"product","link":"https:\/\/tusa.viewsite.link\/europe\/es\/producto\/cuchilla-swipe-orca-espejada\/","title":{"rendered":"Cuchilla SWIPE ORCA (Espejada)"},"content":{"rendered":"<p>Las gafas de espejo ORCA V230ASAMC SWIPE Blade ofrecen una resistencia reducida gracias a sus lentes de forma \u00fanica, lo que proporciona a los nadadores de competici\u00f3n una ventaja sobre sus rivales, adem\u00e1s de un buen ajuste definitivo con almohadillas acolchadas. The curved Blade goggle shape provides improved water flow, minimizing drag comparing conventional Blade goggles. New SWIPE Anti-Fog technology provides anti-fog effects 10 times longer. <\/p>\n<p>&nbsp;<\/p>\n<p><strong>Dimensiones:<\/strong><\/p>\n<p>8x3x3 en<br \/>\n 4 oz<\/p>\n","protected":false},"excerpt":{"rendered":"<p>Las gafas de espejo ORCA V230ASAMC SWIPE Blade ofrecen una resistencia reducida gracias a sus lentes de forma \u00fanica, lo que proporciona a los nadadores de competici\u00f3n una ventaja sobre sus rivales, adem\u00e1s de un buen ajuste definitivo con almohadillas acolchadas.<\/p>\n","protected":false},"featured_media":13969,"comment_status":"closed","ping_status":"closed","template":"","meta":{"_acf_changed":false},"product_cat":[428,427],"product_tag":[],"class_list":{"0":"post-18736","1":"product","2":"type-product","3":"status-publish","4":"has-post-thumbnail","6":"product_cat-swipe-es","7":"product_cat-todas-las-gafas","9":"first","10":"instock","11":"purchasable","12":"product-type-variable"},"acf":[],"_links":{"self":[{"href":"https:\/\/tusa.viewsite.link\/europe\/es\/wp-json\/wp\/v2\/product\/18736","targetHints":{"allow":["GET"]}}],"collection":[{"href":"https:\/\/tusa.viewsite.link\/europe\/es\/wp-json\/wp\/v2\/product"}],"about":[{"href":"https:\/\/tusa.viewsite.link\/europe\/es\/wp-json\/wp\/v2\/types\/product"}],"replies":[{"embeddable":true,"href":"https:\/\/tusa.viewsite.link\/europe\/es\/wp-json\/wp\/v2\/comments?post=18736"}],"wp:featuredmedia":[{"embeddable":true,"href":"https:\/\/tusa.viewsite.link\/europe\/es\/wp-json\/wp\/v2\/media\/13969"}],"wp:attachment":[{"href":"https:\/\/tusa.viewsite.link\/europe\/es\/wp-json\/wp\/v2\/media?parent=18736"}],"wp:term":[{"taxonomy":"product_cat","embeddable":true,"href":"https:\/\/tusa.viewsite.link\/europe\/es\/wp-json\/wp\/v2\/product_cat?post=18736"},{"taxonomy":"product_tag","embeddable":true,"href":"https:\/\/tusa.viewsite.link\/europe\/es\/wp-json\/wp\/v2\/product_tag?post=18736"}],"curies":[{"name":"wp","href":"https:\/\/api.w.org\/{rel}","templated":true}]}}