{"id":18506,"date":"2024-09-09T23:10:09","date_gmt":"2024-09-09T23:10:09","guid":{"rendered":"https:\/\/tusa.viewsite.link\/europe\/product\/tapones-de-silicona-de-2-vias\/"},"modified":"2024-09-09T23:10:09","modified_gmt":"2024-09-09T23:10:09","slug":"tapones-de-silicona-de-2-vias","status":"publish","type":"product","link":"https:\/\/tusa.viewsite.link\/europe\/es\/producto\/tapones-de-silicona-de-2-vias\/","title":{"rendered":"Tapones de silicona de 2 v\u00edas"},"content":{"rendered":"<p>Se ha desarrollado un tap\u00f3n de 3 bridas de nuevo dise\u00f1o para todo tipo de deportes acu\u00e1ticos. El VA-1201A est\u00e1 fabricado con silicona 100% blanda e incluye una correa para evitar que se pierda cuando se utiliza. El dise\u00f1o de 3 etapas se ha fabricado espec\u00edficamente para cerrar completamente el o\u00eddo. Los tapones son f\u00e1ciles de usar y c\u00f3modos. El VA-1201A tiene un dise\u00f1o de talla \u00fanica.   <\/p>\n<p>&nbsp;<\/p>\n<p><strong>Dimensiones:<\/strong><\/p>\n<p>1x1x3 pulg.<\/p>\n","protected":false},"excerpt":{"rendered":"<p>Se ha desarrollado un tap\u00f3n de 3 bridas de nuevo dise\u00f1o para todo tipo de deportes acu\u00e1ticos.<\/p>\n","protected":false},"featured_media":13878,"comment_status":"closed","ping_status":"closed","template":"","meta":{"_acf_changed":false},"product_cat":[435],"product_tag":[],"class_list":{"0":"post-18506","1":"product","2":"type-product","3":"status-publish","4":"has-post-thumbnail","6":"product_cat-accesorios","8":"first","9":"instock","10":"purchasable","11":"product-type-variable"},"acf":[],"_links":{"self":[{"href":"https:\/\/tusa.viewsite.link\/europe\/es\/wp-json\/wp\/v2\/product\/18506","targetHints":{"allow":["GET"]}}],"collection":[{"href":"https:\/\/tusa.viewsite.link\/europe\/es\/wp-json\/wp\/v2\/product"}],"about":[{"href":"https:\/\/tusa.viewsite.link\/europe\/es\/wp-json\/wp\/v2\/types\/product"}],"replies":[{"embeddable":true,"href":"https:\/\/tusa.viewsite.link\/europe\/es\/wp-json\/wp\/v2\/comments?post=18506"}],"wp:featuredmedia":[{"embeddable":true,"href":"https:\/\/tusa.viewsite.link\/europe\/es\/wp-json\/wp\/v2\/media\/13878"}],"wp:attachment":[{"href":"https:\/\/tusa.viewsite.link\/europe\/es\/wp-json\/wp\/v2\/media?parent=18506"}],"wp:term":[{"taxonomy":"product_cat","embeddable":true,"href":"https:\/\/tusa.viewsite.link\/europe\/es\/wp-json\/wp\/v2\/product_cat?post=18506"},{"taxonomy":"product_tag","embeddable":true,"href":"https:\/\/tusa.viewsite.link\/europe\/es\/wp-json\/wp\/v2\/product_tag?post=18506"}],"curies":[{"name":"wp","href":"https:\/\/api.w.org\/{rel}","templated":true}]}}