{"id":21703,"date":"2024-08-13T13:05:20","date_gmt":"2024-08-13T13:05:20","guid":{"rendered":"https:\/\/tusa.viewsite.link\/europe\/politica-de-garantia\/"},"modified":"2024-08-13T13:05:20","modified_gmt":"2024-08-13T13:05:20","slug":"politica-de-garantia","status":"publish","type":"page","link":"https:\/\/tusa.viewsite.link\/europe\/es\/politica-de-garantia\/","title":{"rendered":"Pol\u00edtica de garant\u00eda"},"content":{"rendered":"<h3 class=\"heading-primary mb-none\">POL\u00cdTICA DE GARANT\u00cdA LIMITADA DE TUSA &#8211; S\u00d3LO CLIENTES DE EE.UU.<\/h3>\n<p>&nbsp;<\/p>\n<p>Esta garant\u00eda limita la duraci\u00f3n y sustituye a todas las garant\u00edas impl\u00edcitas, o que puedan venir empaquetadas con los productos TABATA USA, pero por lo dem\u00e1s est\u00e1 destinada por TABATA USA a cumplir las normas m\u00ednimas estatutarias federales para la garant\u00eda total seg\u00fan la Ley de Garant\u00eda Federal, Ley P\u00fablica n\u00ba 93-637, de 4 de enero de 1975.<\/p>\n<p><strong>GARANT\u00cdA: <\/strong>TABATA USA garantiza al comprador, consumidor, que los productos que TABATA USA fabrica o distribuye est\u00e1n libres de defectos en materiales o mano de obra, tal como se indica a continuaci\u00f3n:<\/p>\n<p><strong>1 YEAR WARRANTY<\/strong>: Boots, Gloves, Knives, Lenses, Bags, Analog Gauges, Scooter\/DPV, Accessories, Flash Lights and Swimming Goggles<\/p>\n<p><strong>1 A\u00d1O DE GARANT\u00cdA<\/strong>: Ordenadores\/Instrumentos<\/p>\n<p><strong>3 A\u00d1OS DE GARANT\u00cdA:<\/strong> M\u00e1scaras, Aletas y Tubos, Ordenador de buceo IQ1204 DC Solar Link*<\/p>\n<p><strong>VIDA LIMITADA:<\/strong> Reguladores y chalecos BC (s\u00f3lo en las costuras de aire)<\/p>\n<p><strong>ALQUILER\/USO COMERCIAL:<\/strong> Los productos utilizados en r\u00e9gimen de alquiler o con fines comerciales est\u00e1n cubiertos durante un periodo de 1 a\u00f1o (12 meses) a partir de la fecha de compra.<\/p>\n<p><strong>LIMITACIONES DE LA GARANT\u00cdA: <\/strong>Esta garant\u00eda no cubre los acabados, ni los da\u00f1os resultantes de accidentes, uso indebido, abuso, suciedad, agua, fugas de la bater\u00eda, manipulaci\u00f3n, servicio realizado o intentado realizar por agencias de servicio o personas no autorizadas.<\/p>\n<p>Instrumentos: La garant\u00eda no cubre los protectores de man\u00f3metros, las botas de goma, las mangueras HP, las juntas t\u00f3ricas, las bater\u00edas, la corrosi\u00f3n ni la p\u00e9rdida de cromo.<\/p>\n<p>*IQ1204 DC Solar Link dive computer: Hardware only. United States and Canada only. <\/p>\n<p>Reguladores: La garant\u00eda no cubre las mangueras LP, las juntas t\u00f3ricas de las mangueras o giratorias, las boquillas, las grietas debidas al uso indebido, el deterioro de la goma por exposici\u00f3n excesiva o falta de mantenimiento, la p\u00e9rdida de cromo o la corrosi\u00f3n.<\/p>\n<p>Chalecos compensadores de flotabilidad: La garant\u00eda no cubre la abrasi\u00f3n del material, pinchazos, cortes o deslaminaci\u00f3n debidos a la exposici\u00f3n al cloro.<\/p>\n<p>Scooter\/DPV: La garant\u00eda no cubre los da\u00f1os causados por abuso o fugas de la bater\u00eda. La garant\u00eda del cargador y la bater\u00eda est\u00e1 limitada a 90 d\u00edas a partir de la fecha original de compra. <\/p>\n<p>&nbsp;<\/p>\n<p><strong>RESPONSABILIDAD DEL DISTRIBUIDOR AUTORIZADO<\/strong>: La \u00fanica responsabilidad del distribuidor autorizado para iniciar la reparaci\u00f3n y\/o el procedimiento de liquidaci\u00f3n en virtud de esta garant\u00eda ser\u00e1 notificar a TABATA USA a la direcci\u00f3n indicada a continuaci\u00f3n por escrito\/tel\u00e9fono la existencia y naturaleza de la reclamaci\u00f3n de garant\u00eda del consumidor, especificar el producto o productos (o piezas de los mismos) implicados mediante el n\u00ba de serie, n\u00ba de modelo u otros factores suficientes para que TABATA USA identifique el producto implicado, y la prueba de compra requerida. Una vez recibida dicha notificaci\u00f3n, TABATA USA aconsejar\u00e1 al consumidor\/comerciante si debe enviar dicho producto o productos (o partes de los mismos) para su examen, reparaci\u00f3n, sustituci\u00f3n o, en su caso, reembolso. Si se determina que el producto, los productos (o las piezas de los mismos) est\u00e1n dentro de los t\u00e9rminos de esta garant\u00eda expresa, TABATA USA correr\u00e1 con todos los gastos incidentales de salida razonables y adecuados (gastos de embalaje, env\u00edo y\/o franqueo).<\/p>\n<p><strong>RECURSOS POR INCUMPLIMIENTO DE LA GARANT\u00cdA:<\/strong> Los recursos por incumplimiento de la garant\u00eda se establecen en el presente documento. Esta garant\u00eda no cubre y pretende excluir cualquier responsabilidad por parte de TABATA USA, ya sea en virtud de esta garant\u00eda o de cualquier garant\u00eda impl\u00edcita por ley, por cualquier da\u00f1o indirecto o consecuente por incumplimiento de la misma o de la presente. Ciertos aspectos de las exenciones de responsabilidad no son aplicables a los productos de consumo; por ejemplo, (a) algunos estados no permiten la exclusi\u00f3n o limitaci\u00f3n de da\u00f1os incidentales o consecuentes por incumplimiento de la presente o de la misma. Ciertos aspectos de las cl\u00e1usulas de exenci\u00f3n de responsabilidad no son aplicables a los productos de consumo; por ejemplo, (a) algunos estados no permiten la exclusi\u00f3n o limitaci\u00f3n de da\u00f1os incidentales o consecuentes por incumplimiento del presente o del mismo. Ciertos aspectos de las cl\u00e1usulas de exenci\u00f3n de responsabilidad no son aplicables a los productos de consumo; por ejemplo, (a) algunos estados no permiten la exclusi\u00f3n o limitaci\u00f3n de da\u00f1os incidentales o consecuentes por incumplimiento del presente o del mismo. Ciertos aspectos de las cl\u00e1usulas de exenci\u00f3n de responsabilidad no son aplicables a los productos de consumo; por ejemplo, (a) algunos estados no permiten la exclusi\u00f3n o limitaci\u00f3n o la exclusi\u00f3n puede no aplicarse a ti.     <\/p>\n<p><strong>TABATA USA, INC. RESPONSABILIDAD <\/strong>: TABATA USA, Inc.\u2019s responsibility shall be to repair without charge to the consumerist products (or parts thereof) which are actually defective, malfunctioning, or otherwise constitute a violation of this written warranty, or at its option either to replace subject product or products (or parts thereof) within eight (8) weeks from receipt of product by TABATA USA (or after reasonable number of attempts not to exceed three (3) by TABATA USA, then the consumer may demand and shall have a replacement without charge thereof, provided only that as condition of replacement the offending product or products (or parts thereof) originally purchased shall be returned to TABATA USA free and clear of any liens or encumbrances.<\/p>\n<p>SE REQUIERE UN N\u00daMERO DE AUTORIZACI\u00d3N DE DEVOLUCI\u00d3N PARA TODAS LAS DEVOLUCIONES LOS PAQUETES SIN LA DEBIDA AUTORIZACI\u00d3N SER\u00c1N RECHAZADOS.<\/p>\n<p><strong>Las reclamaciones de garant\u00eda deben enviarse a portes pagados por medios rastreables como Fed Ex, UPS, USPS a<\/strong><\/p>\n<p><strong>TABATA USA, 2380 Mira Mar Ave., Long Beach, CA 90815 (NO se acepta contra reembolso).<\/strong><\/p>\n<p>La empresa se reserva el derecho, en virtud de su pol\u00edtica de mejora de productos, a modificar detalles de construcci\u00f3n o dise\u00f1o sin obligaci\u00f3n respecto a modelos anteriores y a suministrar el equipo as\u00ed modificado sin referencia a la ilustraci\u00f3n o especificaci\u00f3n aqu\u00ed utilizada.<\/p>\n<p><strong>SOPORTE TUSA CARE (800) 521-8872 o info@tusa.com<\/strong><\/p>\n","protected":false},"excerpt":{"rendered":"<p>POL\u00cdTICA DE GARANT\u00cdA LIMITADA DE TUSA &#8211; S\u00d3LO CLIENTES DE EE.UU. &nbsp; Esta garant\u00eda limita la duraci\u00f3n y sustituye a todas las garant\u00edas impl\u00edcitas, o que puedan venir empaquetadas con los productos TABATA USA, pero por lo dem\u00e1s est\u00e1 destinada por TABATA USA a cumplir las normas m\u00ednimas estatutarias federales para la garant\u00eda total seg\u00fan&hellip;<\/p>\n","protected":false},"author":1,"featured_media":21704,"parent":0,"menu_order":0,"comment_status":"closed","ping_status":"closed","template":"","meta":{"_acf_changed":false,"footnotes":""},"class_list":["post-21703","page","type-page","status-publish","has-post-thumbnail","hentry"],"acf":[],"_links":{"self":[{"href":"https:\/\/tusa.viewsite.link\/europe\/es\/wp-json\/wp\/v2\/pages\/21703","targetHints":{"allow":["GET"]}}],"collection":[{"href":"https:\/\/tusa.viewsite.link\/europe\/es\/wp-json\/wp\/v2\/pages"}],"about":[{"href":"https:\/\/tusa.viewsite.link\/europe\/es\/wp-json\/wp\/v2\/types\/page"}],"author":[{"embeddable":true,"href":"https:\/\/tusa.viewsite.link\/europe\/es\/wp-json\/wp\/v2\/users\/1"}],"replies":[{"embeddable":true,"href":"https:\/\/tusa.viewsite.link\/europe\/es\/wp-json\/wp\/v2\/comments?post=21703"}],"version-history":[{"count":0,"href":"https:\/\/tusa.viewsite.link\/europe\/es\/wp-json\/wp\/v2\/pages\/21703\/revisions"}],"wp:featuredmedia":[{"embeddable":true,"href":"https:\/\/tusa.viewsite.link\/europe\/es\/wp-json\/wp\/v2\/media\/21704"}],"wp:attachment":[{"href":"https:\/\/tusa.viewsite.link\/europe\/es\/wp-json\/wp\/v2\/media?parent=21703"}],"curies":[{"name":"wp","href":"https:\/\/api.w.org\/{rel}","templated":true}]}}