{"id":21690,"date":"2024-09-09T23:07:50","date_gmt":"2024-09-09T23:07:50","guid":{"rendered":"https:\/\/tusa.viewsite.link\/europe\/product\/mesh-rucksack\/"},"modified":"2024-09-09T23:07:50","modified_gmt":"2024-09-09T23:07:50","slug":"mesh-rucksack","status":"publish","type":"product","link":"https:\/\/tusa.viewsite.link\/europe\/de\/produkt\/mesh-rucksack\/","title":{"rendered":"Mesh-Rucksack"},"content":{"rendered":"<p>Der TUSA Mesh Backpack ist ein ger\u00e4umiger, handlicher und robuster Netzrucksack f\u00fcr den Transport von Schnorchel- oder Tauchausr\u00fcstung am Strand. Sie verf\u00fcgt \u00fcber einen wasserabweisenden R\u00fcckeneinsatz, der Sie sch\u00fctzt, wenn Ihre Ausr\u00fcstung nass ist. Die Tasche besteht zu 100 % aus Nylon mit Mesh-Details und Abfluss\u00f6ffnungen, um die gelagerte Ausr\u00fcstung schnell zu trocknen. Die gepolsterten und verstellbaren Schultergurte und ein Tragegriff an der Oberseite der Tasche machen den Transport bequem.  <\/p>\n<p>Die Tasche verf\u00fcgt \u00fcber ein doppelseitiges Hauptfach mit Rei\u00dfverschluss f\u00fcr einfachen Zugriff auf den Tascheninhalt, eine Au\u00dfentasche mit Rei\u00dfverschluss, eine Netztasche und ein elastisches Bungee mit Barrel Lock. 4 externe Kompressionsriemen verhindern, dass die Ausr\u00fcstung in der Tasche verrutscht und sorgen so f\u00fcr mehr Stabilit\u00e4t beim Transport. <\/p>\n<p>&nbsp;<\/p>\n<p><strong>Abmessungen:<\/strong><\/p>\n<p>Produktabmessungen: 14.2&#215;16.2&#215;29.5inch \/ 36x41x75cm<br \/>\nProduktgewicht: 2.2lb.\/ 980g<br \/>\nKapazit\u00e4t: 81L<\/p>\n","protected":false},"excerpt":{"rendered":"<p>Der TUSA Mesh Backpack ist ein ger\u00e4umiger, handlicher und robuster Netzrucksack f\u00fcr den Transport von Schnorchel- oder Tauchausr\u00fcstung am Strand.<\/p>\n","protected":false},"featured_media":21691,"comment_status":"closed","ping_status":"closed","template":"","meta":{"_acf_changed":false},"product_cat":[474],"product_tag":[],"class_list":{"0":"post-21690","1":"product","2":"type-product","3":"status-publish","4":"has-post-thumbnail","6":"product_cat-taschen","8":"first","9":"instock","10":"purchasable","11":"product-type-variable"},"acf":[],"_links":{"self":[{"href":"https:\/\/tusa.viewsite.link\/europe\/de\/wp-json\/wp\/v2\/product\/21690","targetHints":{"allow":["GET"]}}],"collection":[{"href":"https:\/\/tusa.viewsite.link\/europe\/de\/wp-json\/wp\/v2\/product"}],"about":[{"href":"https:\/\/tusa.viewsite.link\/europe\/de\/wp-json\/wp\/v2\/types\/product"}],"replies":[{"embeddable":true,"href":"https:\/\/tusa.viewsite.link\/europe\/de\/wp-json\/wp\/v2\/comments?post=21690"}],"wp:featuredmedia":[{"embeddable":true,"href":"https:\/\/tusa.viewsite.link\/europe\/de\/wp-json\/wp\/v2\/media\/21691"}],"wp:attachment":[{"href":"https:\/\/tusa.viewsite.link\/europe\/de\/wp-json\/wp\/v2\/media?parent=21690"}],"wp:term":[{"taxonomy":"product_cat","embeddable":true,"href":"https:\/\/tusa.viewsite.link\/europe\/de\/wp-json\/wp\/v2\/product_cat?post=21690"},{"taxonomy":"product_tag","embeddable":true,"href":"https:\/\/tusa.viewsite.link\/europe\/de\/wp-json\/wp\/v2\/product_tag?post=21690"}],"curies":[{"name":"wp","href":"https:\/\/api.w.org\/{rel}","templated":true}]}}