{"id":21575,"date":"2024-09-09T23:08:00","date_gmt":"2024-09-09T23:08:00","guid":{"rendered":"https:\/\/tusa.viewsite.link\/europe\/product\/tc1-tauchcomputer\/"},"modified":"2024-09-09T23:08:00","modified_gmt":"2024-09-09T23:08:00","slug":"tc1-tauchcomputer","status":"publish","type":"product","link":"https:\/\/tusa.viewsite.link\/europe\/de\/produkt\/tc1-tauchcomputer\/","title":{"rendered":"TC1 Tauchcomputer"},"content":{"rendered":"<p>Der TC1 von TUSA ist ein eleganter Armbandcomputer, der f\u00fcr alle Taucher ideal ist. Egal, ob es sich um Ihren Haupt- oder Backup-Computer handelt, die TC1 ist f\u00fcr Sie da. Das intuitive Display und Men\u00fc wird Sie nicht verwirren. Ein wiederaufladbarer LI-ION-Akku mit langer Lebensdauer sorgt daf\u00fcr, dass Ihr TC1 den ganzen Tauchtag \u00fcber zuverl\u00e4ssig funktioniert. Tauchen Sie ger\u00e4uschlos, indem Sie den Vibrationsmodus der TC1 aktivieren. Ihre Tauchkameraden werden es Ihnen danken!    <\/p>\n<p>&nbsp;<\/p>\n<p><strong>Abmessungen:<\/strong><\/p>\n","protected":false},"excerpt":{"rendered":"<p>Der TC1 von TUSA ist ein eleganter Armbandcomputer, der f\u00fcr alle Taucher ideal ist.<\/p>\n","protected":false},"featured_media":21576,"comment_status":"closed","ping_status":"closed","template":"","meta":{"_acf_changed":false},"product_cat":[462],"product_tag":[],"class_list":{"0":"post-21575","1":"product","2":"type-product","3":"status-publish","4":"has-post-thumbnail","6":"product_cat-instrumente","8":"first","9":"instock","10":"purchasable","11":"product-type-variable"},"acf":[],"_links":{"self":[{"href":"https:\/\/tusa.viewsite.link\/europe\/de\/wp-json\/wp\/v2\/product\/21575","targetHints":{"allow":["GET"]}}],"collection":[{"href":"https:\/\/tusa.viewsite.link\/europe\/de\/wp-json\/wp\/v2\/product"}],"about":[{"href":"https:\/\/tusa.viewsite.link\/europe\/de\/wp-json\/wp\/v2\/types\/product"}],"replies":[{"embeddable":true,"href":"https:\/\/tusa.viewsite.link\/europe\/de\/wp-json\/wp\/v2\/comments?post=21575"}],"wp:featuredmedia":[{"embeddable":true,"href":"https:\/\/tusa.viewsite.link\/europe\/de\/wp-json\/wp\/v2\/media\/21576"}],"wp:attachment":[{"href":"https:\/\/tusa.viewsite.link\/europe\/de\/wp-json\/wp\/v2\/media?parent=21575"}],"wp:term":[{"taxonomy":"product_cat","embeddable":true,"href":"https:\/\/tusa.viewsite.link\/europe\/de\/wp-json\/wp\/v2\/product_cat?post=21575"},{"taxonomy":"product_tag","embeddable":true,"href":"https:\/\/tusa.viewsite.link\/europe\/de\/wp-json\/wp\/v2\/product_tag?post=21575"}],"curies":[{"name":"wp","href":"https:\/\/api.w.org\/{rel}","templated":true}]}}