{"id":21438,"date":"2024-09-09T23:08:00","date_gmt":"2024-09-09T23:08:00","guid":{"rendered":"https:\/\/tusa.viewsite.link\/europe\/product\/freiheit-ceos-maske\/"},"modified":"2024-09-09T23:08:00","modified_gmt":"2024-09-09T23:08:00","slug":"freiheit-ceos-maske","status":"publish","type":"product","link":"https:\/\/tusa.viewsite.link\/europe\/de\/produkt\/freiheit-ceos-maske\/","title":{"rendered":"Freiheit Ceos Maske"},"content":{"rendered":"<p>Die M-212 Ceos ist eine flache Maske mit zwei Fenstern und geringem Volumen. Sie verf\u00fcgt \u00fcber die neu entwickelte und revolution\u00e4re Freedom-Technologie, die eine hervorragende Passform, Komfort und Leistung bietet. Die Ceos ist eine der ersten TUSA-Masken der n\u00e4chsten Generation, die diese innovative neue Technologie mit \u00fcberlegenem Design, hoher Qualit\u00e4t, Materialien und Rahmenkonstruktion kombiniert.<\/p>\n<p>&nbsp;<\/p>\n<p><strong>Abmessungen:<\/strong><\/p>\n<p>Innenvolumen: 11.0 ci \/ 180 cc<br \/>\n Rahmenabmessungen: 2.8 in x 6.2 in \/ 72 mm \u00d7 157 mm<br \/>\n Armaturenabmessungen: 4.4 in x 5.1 in \/ 113 mm \u00d7 130 mm<br \/>\n Gewicht: 6.5 oz \/ 184 g<\/p>\n","protected":false},"excerpt":{"rendered":"<p>Die M-212 Ceos ist eine flache Maske mit zwei Fenstern und geringem Volumen. Sie verf\u00fcgt \u00fcber die neu entwickelte und revolution\u00e4re Freedom-Technologie, die eine hervorragende Passform, Komfort und Leistung bietet.<\/p>\n","protected":false},"featured_media":13254,"comment_status":"closed","ping_status":"closed","template":"","meta":{"_acf_changed":false},"product_cat":[477],"product_tag":[],"class_list":{"0":"post-21438","1":"product","2":"type-product","3":"status-publish","4":"has-post-thumbnail","6":"product_cat-masken-de","8":"first","9":"instock","10":"purchasable","11":"product-type-variable"},"acf":[],"_links":{"self":[{"href":"https:\/\/tusa.viewsite.link\/europe\/de\/wp-json\/wp\/v2\/product\/21438","targetHints":{"allow":["GET"]}}],"collection":[{"href":"https:\/\/tusa.viewsite.link\/europe\/de\/wp-json\/wp\/v2\/product"}],"about":[{"href":"https:\/\/tusa.viewsite.link\/europe\/de\/wp-json\/wp\/v2\/types\/product"}],"replies":[{"embeddable":true,"href":"https:\/\/tusa.viewsite.link\/europe\/de\/wp-json\/wp\/v2\/comments?post=21438"}],"wp:featuredmedia":[{"embeddable":true,"href":"https:\/\/tusa.viewsite.link\/europe\/de\/wp-json\/wp\/v2\/media\/13254"}],"wp:attachment":[{"href":"https:\/\/tusa.viewsite.link\/europe\/de\/wp-json\/wp\/v2\/media?parent=21438"}],"wp:term":[{"taxonomy":"product_cat","embeddable":true,"href":"https:\/\/tusa.viewsite.link\/europe\/de\/wp-json\/wp\/v2\/product_cat?post=21438"},{"taxonomy":"product_tag","embeddable":true,"href":"https:\/\/tusa.viewsite.link\/europe\/de\/wp-json\/wp\/v2\/product_tag?post=21438"}],"curies":[{"name":"wp","href":"https:\/\/api.w.org\/{rel}","templated":true}]}}