{"id":21287,"date":"2024-09-09T23:08:00","date_gmt":"2024-09-09T23:08:00","guid":{"rendered":"https:\/\/tusa.viewsite.link\/europe\/product\/ino-maske-mit-stoffband\/"},"modified":"2024-09-09T23:08:00","modified_gmt":"2024-09-09T23:08:00","slug":"ino-maske-mit-stoffband","status":"publish","type":"product","link":"https:\/\/tusa.viewsite.link\/europe\/de\/produkt\/ino-maske-mit-stoffband\/","title":{"rendered":"Ino Maske mit Stoffband"},"content":{"rendered":"<p>Die Ino Maske ist mit ihrem One-Window-Design, dem breiten Sichtfeld und der geringen Lautst\u00e4rke ideal f\u00fcr kleinere Gesichter. Sie ist bequem f\u00fcr Taucher jeden Niveaus und Stils.  Das Maskenband aus Stoff verleiht dem Taucherlebnis ein neues Ma\u00df an Komfort. Anti-slip grip and easy adjustment ensures a snug fit to the back of the head. The snorkel keeper ensures secure placement.  Jetzt auch mit einem Stoffband erh\u00e4ltlich.<\/p>\n<p>&nbsp;<\/p>\n<p><strong>Abmessungen:<\/strong><\/p>\n","protected":false},"excerpt":{"rendered":"<p>Die Ino Maske ist mit ihrem One-Window-Design, dem breiten Sichtfeld und der geringen Lautst\u00e4rke ideal f\u00fcr kleinere Gesichter. Jetzt mit einem Stoffband.<\/p>\n","protected":false},"featured_media":13373,"comment_status":"closed","ping_status":"closed","template":"","meta":{"_acf_changed":false},"product_cat":[477],"product_tag":[],"class_list":{"0":"post-21287","1":"product","2":"type-product","3":"status-publish","4":"has-post-thumbnail","6":"product_cat-masken-de","8":"first","9":"instock","10":"purchasable","11":"product-type-variable"},"acf":[],"_links":{"self":[{"href":"https:\/\/tusa.viewsite.link\/europe\/de\/wp-json\/wp\/v2\/product\/21287","targetHints":{"allow":["GET"]}}],"collection":[{"href":"https:\/\/tusa.viewsite.link\/europe\/de\/wp-json\/wp\/v2\/product"}],"about":[{"href":"https:\/\/tusa.viewsite.link\/europe\/de\/wp-json\/wp\/v2\/types\/product"}],"replies":[{"embeddable":true,"href":"https:\/\/tusa.viewsite.link\/europe\/de\/wp-json\/wp\/v2\/comments?post=21287"}],"wp:featuredmedia":[{"embeddable":true,"href":"https:\/\/tusa.viewsite.link\/europe\/de\/wp-json\/wp\/v2\/media\/13373"}],"wp:attachment":[{"href":"https:\/\/tusa.viewsite.link\/europe\/de\/wp-json\/wp\/v2\/media?parent=21287"}],"wp:term":[{"taxonomy":"product_cat","embeddable":true,"href":"https:\/\/tusa.viewsite.link\/europe\/de\/wp-json\/wp\/v2\/product_cat?post=21287"},{"taxonomy":"product_tag","embeddable":true,"href":"https:\/\/tusa.viewsite.link\/europe\/de\/wp-json\/wp\/v2\/product_tag?post=21287"}],"curies":[{"name":"wp","href":"https:\/\/api.w.org\/{rel}","templated":true}]}}