{"id":21259,"date":"2024-09-09T23:08:22","date_gmt":"2024-09-09T23:08:22","guid":{"rendered":"https:\/\/tusa.viewsite.link\/europe\/product\/roller-duffel-bag\/"},"modified":"2024-09-09T23:08:22","modified_gmt":"2024-09-09T23:08:22","slug":"roller-duffel-bag","status":"publish","type":"product","link":"https:\/\/tusa.viewsite.link\/europe\/de\/produkt\/roller-duffel-bag\/","title":{"rendered":"Roller Duffel Bag"},"content":{"rendered":"<p>Die RD-2 ist die neueste Rolltasche von TUSA mit gro\u00dfen F\u00e4chern und einem robusten Rollensystem. Dies ist die ultimative Weekender-Tasche, in der Sie Ihre Tauchausr\u00fcstung und Extras transportieren k\u00f6nnen, wohin Sie auch gehen.<\/p>\n<p>&nbsp;<\/p>\n<p><strong>Abmessungen:<\/strong><\/p>\n<p>Abmessungen (L x B x H): 29.6 x 12.6 x 16.2 in \/75 x 32 x 41 cm<br \/>\n Gewicht (trocken): 8.6 lbs \/ 3,856 g<br \/>\n Fassungsverm\u00f6gen: 90 L<\/p>\n","protected":false},"excerpt":{"rendered":"<p>Die RD-2 ist die neueste Rolltasche von TUSA mit gro\u00dfen F\u00e4chern und einem robusten Rollensystem.<\/p>\n","protected":false},"featured_media":0,"comment_status":"closed","ping_status":"closed","template":"","meta":{"_acf_changed":false},"product_cat":[458],"product_tag":[],"class_list":{"0":"post-21259","1":"product","2":"type-product","3":"status-publish","5":"product_cat-zubehor-de","7":"first","8":"instock","9":"purchasable","10":"product-type-variable"},"acf":[],"_links":{"self":[{"href":"https:\/\/tusa.viewsite.link\/europe\/de\/wp-json\/wp\/v2\/product\/21259","targetHints":{"allow":["GET"]}}],"collection":[{"href":"https:\/\/tusa.viewsite.link\/europe\/de\/wp-json\/wp\/v2\/product"}],"about":[{"href":"https:\/\/tusa.viewsite.link\/europe\/de\/wp-json\/wp\/v2\/types\/product"}],"replies":[{"embeddable":true,"href":"https:\/\/tusa.viewsite.link\/europe\/de\/wp-json\/wp\/v2\/comments?post=21259"}],"wp:attachment":[{"href":"https:\/\/tusa.viewsite.link\/europe\/de\/wp-json\/wp\/v2\/media?parent=21259"}],"wp:term":[{"taxonomy":"product_cat","embeddable":true,"href":"https:\/\/tusa.viewsite.link\/europe\/de\/wp-json\/wp\/v2\/product_cat?post=21259"},{"taxonomy":"product_tag","embeddable":true,"href":"https:\/\/tusa.viewsite.link\/europe\/de\/wp-json\/wp\/v2\/product_tag?post=21259"}],"curies":[{"name":"wp","href":"https:\/\/api.w.org\/{rel}","templated":true}]}}