{"id":21027,"date":"2024-09-09T23:08:56","date_gmt":"2024-09-09T23:08:56","guid":{"rendered":"https:\/\/tusa.viewsite.link\/europe\/product\/switch-pro-klinge\/"},"modified":"2024-09-09T23:08:56","modified_gmt":"2024-09-09T23:08:56","slug":"switch-pro-klinge","status":"publish","type":"product","link":"https:\/\/tusa.viewsite.link\/europe\/de\/produkt\/switch-pro-klinge\/","title":{"rendered":"SWITCH Pro Klinge"},"content":{"rendered":"<p>Das TUSA HyFlex SWITCH Pro (nur Klinge) bietet eine <strong>20% steifere <\/strong>Klingenmischung als die Standard HyFlex SWITCH Klinge und wurde f\u00fcr professionelle und fortgeschrittene Taucher entwickelt. Das TUSA HyFlex SWITCH Pro Blatt kann an das TUSA HyFlex Flossensystem angepasst werden. Ersetzen Sie Ihre HyFlex Vesna oder HyFlex Switch Flossenbl\u00e4tter durch das TUSA HyFlex SWITCH Pro Blatt f\u00fcr einen st\u00e4rkeren Kick. <\/p>\n<p>&nbsp;<\/p>\n<p><strong>Abmessungen:<\/strong><\/p>\n<p>12 x 10 x 4 Zoll<\/p>\n","protected":false},"excerpt":{"rendered":"<p>Das TUSA HyFlex SWITCH Pro (nur Klinge) bietet eine 20% steifere Klingenmischung als die Standard HyFlex SWITCH Klinge und wurde f\u00fcr professionelle und fortgeschrittene Taucher entwickelt.<\/p>\n","protected":false},"featured_media":14115,"comment_status":"closed","ping_status":"closed","template":"","meta":{"_acf_changed":false},"product_cat":[468],"product_tag":[],"class_list":{"0":"post-21027","1":"product","2":"type-product","3":"status-publish","4":"has-post-thumbnail","6":"product_cat-flossen-de","8":"first","9":"instock","10":"purchasable","11":"product-type-variable"},"acf":[],"_links":{"self":[{"href":"https:\/\/tusa.viewsite.link\/europe\/de\/wp-json\/wp\/v2\/product\/21027","targetHints":{"allow":["GET"]}}],"collection":[{"href":"https:\/\/tusa.viewsite.link\/europe\/de\/wp-json\/wp\/v2\/product"}],"about":[{"href":"https:\/\/tusa.viewsite.link\/europe\/de\/wp-json\/wp\/v2\/types\/product"}],"replies":[{"embeddable":true,"href":"https:\/\/tusa.viewsite.link\/europe\/de\/wp-json\/wp\/v2\/comments?post=21027"}],"wp:featuredmedia":[{"embeddable":true,"href":"https:\/\/tusa.viewsite.link\/europe\/de\/wp-json\/wp\/v2\/media\/14115"}],"wp:attachment":[{"href":"https:\/\/tusa.viewsite.link\/europe\/de\/wp-json\/wp\/v2\/media?parent=21027"}],"wp:term":[{"taxonomy":"product_cat","embeddable":true,"href":"https:\/\/tusa.viewsite.link\/europe\/de\/wp-json\/wp\/v2\/product_cat?post=21027"},{"taxonomy":"product_tag","embeddable":true,"href":"https:\/\/tusa.viewsite.link\/europe\/de\/wp-json\/wp\/v2\/product_tag?post=21027"}],"curies":[{"name":"wp","href":"https:\/\/api.w.org\/{rel}","templated":true}]}}