{"id":20834,"date":"2024-09-09T23:08:22","date_gmt":"2024-09-09T23:08:22","guid":{"rendered":"https:\/\/tusa.viewsite.link\/europe\/product\/freiheit-tri-quest-maske\/"},"modified":"2024-09-09T23:08:22","modified_gmt":"2024-09-09T23:08:22","slug":"freiheit-tri-quest-maske","status":"publish","type":"product","link":"https:\/\/tusa.viewsite.link\/europe\/de\/produkt\/freiheit-tri-quest-maske\/","title":{"rendered":"Freiheit Tri-Quest Maske"},"content":{"rendered":"<p>Die M3001 Freedom Tri-Quest Maske verf\u00fcgt \u00fcber die Freedom Technologie mit neu entwickelten, patentierten, gew\u00f6lbten Seitenfenstern und einem erweiterten Panoramablick durch ein 1-Fenster-Glas. Die Tri-Quest Maske hat eine reduzierte Rahmenstruktur, um tote Winkel zu reduzieren, und ein dreidimensionales Band f\u00fcr eine noch nie dagewesene Passform. <\/p>\n<p>&nbsp;<\/p>\n<p><strong>Abmessungen:<\/strong><\/p>\n<p>Innenvolumen: 19.5 ci \/ 319 cc<br \/>\n Rahmenabmessungen: 3.5 in x 6.9 in \/ 89 mm x 177 mm<br \/>\n Armaturenabmessungen: 4.4 in x 5.1 in \/ 113 mm x 130 mm<br \/>\n Gewicht: 9.0 oz \/ 254 g<\/p>\n","protected":false},"excerpt":{"rendered":"<p>Die Freedom Tri-Quest Maske verf\u00fcgt \u00fcber neu entwickelte, patentierte, gew\u00f6lbte Seitenfenster und einen erweiterten Panoramablick durch ein 1-Fenster-Glas.<\/p>\n","protected":false},"featured_media":14078,"comment_status":"closed","ping_status":"closed","template":"","meta":{"_acf_changed":false},"product_cat":[477],"product_tag":[],"class_list":{"0":"post-20834","1":"product","2":"type-product","3":"status-publish","4":"has-post-thumbnail","6":"product_cat-masken-de","8":"first","9":"instock","10":"purchasable","11":"product-type-variable"},"acf":[],"_links":{"self":[{"href":"https:\/\/tusa.viewsite.link\/europe\/de\/wp-json\/wp\/v2\/product\/20834","targetHints":{"allow":["GET"]}}],"collection":[{"href":"https:\/\/tusa.viewsite.link\/europe\/de\/wp-json\/wp\/v2\/product"}],"about":[{"href":"https:\/\/tusa.viewsite.link\/europe\/de\/wp-json\/wp\/v2\/types\/product"}],"replies":[{"embeddable":true,"href":"https:\/\/tusa.viewsite.link\/europe\/de\/wp-json\/wp\/v2\/comments?post=20834"}],"wp:featuredmedia":[{"embeddable":true,"href":"https:\/\/tusa.viewsite.link\/europe\/de\/wp-json\/wp\/v2\/media\/14078"}],"wp:attachment":[{"href":"https:\/\/tusa.viewsite.link\/europe\/de\/wp-json\/wp\/v2\/media?parent=20834"}],"wp:term":[{"taxonomy":"product_cat","embeddable":true,"href":"https:\/\/tusa.viewsite.link\/europe\/de\/wp-json\/wp\/v2\/product_cat?post=20834"},{"taxonomy":"product_tag","embeddable":true,"href":"https:\/\/tusa.viewsite.link\/europe\/de\/wp-json\/wp\/v2\/product_tag?post=20834"}],"curies":[{"name":"wp","href":"https:\/\/api.w.org\/{rel}","templated":true}]}}