{"id":20649,"date":"2024-09-09T23:08:22","date_gmt":"2024-09-09T23:08:22","guid":{"rendered":"https:\/\/tusa.viewsite.link\/europe\/product\/paragon-s-maske\/"},"modified":"2024-09-09T23:08:22","modified_gmt":"2024-09-09T23:08:22","slug":"paragon-s-maske","status":"publish","type":"product","link":"https:\/\/tusa.viewsite.link\/europe\/de\/produkt\/paragon-s-maske\/","title":{"rendered":"Paragon S Maske"},"content":{"rendered":"<p>Die neue Paragon S Single-Window-Maske bietet den neuen verst\u00e4rkten TRI-MIX-Rahmen von TUSA, die Freedom-Technologie mit Fit II und die UV-420-Glasbehandlung mit AR- und CrystalView-Glas, die Ihnen beim Tauchen Augenschutz und ultimative Klarheit bietet. Die Freedom Technologie ist eine Reihe von revolution\u00e4ren Merkmalen, die f\u00fcr eine bessere Passform, mehr Komfort und eine h\u00f6here Leistung der TUSA-Masken sorgen. Die Masken der Freedom-Modelle verf\u00fcgen \u00fcber eine genoppte Sch\u00fcrzenoberfl\u00e4che mit unterschiedlichen Silikondicken und Stabilit\u00e4tsrippen sowie \u00fcber eine propriet\u00e4re reibungsarme Sch\u00fcrzenoberfl\u00e4che an der Passformlinie. Jeder Mensch hat eine einzigartige Gesichtsstruktur und jeder Taucher empfindet entweder ein gewisses Ma\u00df an Unbehagen oder Druck und Quetschung beim Tragen einer typischen Maske unter Wasser. Die Ingenieure von TUSA wollten diese Probleme l\u00f6sen und haben mehrere Jahre damit verbracht, die Passform der Maske, die Struktur der Gesichtsknochen und die Mundbewegung zu analysieren. Das Ergebnis ist die Freedom Technologie, eine Reihe von revolution\u00e4ren neuen Maskenfunktionen, die eine hervorragende Passform, Komfort und erh\u00f6hte Leistung bieten.    <\/p>\n<p>&nbsp;<\/p>\n<p><strong>Abmessungen:<\/strong><\/p>\n<p>Innenvolumen: 13.1 ci \/ 215 cc<br \/>\n Rahmenabmessungen: 3.5 in x 6.7 in \/ 88 mm \u00d7 169 mm<br \/>\n Armaturenabmessungen: 4.7 in x 5.0 in \/ 118.5 mm \u00d7 126 mm<br \/>\n Gewicht: 8.6 oz \/ 245 g<\/p>\n","protected":false},"excerpt":{"rendered":"<p>Die Paragon S Single-Window-Maske bietet den NEUEN verst\u00e4rkten TRI-MIX-Rahmen von TUSA, die Freedom-Technologie mit Fit II und die UV 420 Lens Treatment mit AR und CrystalView Optical Glass, die Ihnen beim Tauchen Schutz f\u00fcr die Augen und ultimative Klarheit bietet.<\/p>\n","protected":false},"featured_media":13316,"comment_status":"closed","ping_status":"closed","template":"","meta":{"_acf_changed":false},"product_cat":[477],"product_tag":[],"class_list":{"0":"post-20649","1":"product","2":"type-product","3":"status-publish","4":"has-post-thumbnail","6":"product_cat-masken-de","8":"first","9":"instock","10":"purchasable","11":"product-type-variable"},"acf":[],"_links":{"self":[{"href":"https:\/\/tusa.viewsite.link\/europe\/de\/wp-json\/wp\/v2\/product\/20649","targetHints":{"allow":["GET"]}}],"collection":[{"href":"https:\/\/tusa.viewsite.link\/europe\/de\/wp-json\/wp\/v2\/product"}],"about":[{"href":"https:\/\/tusa.viewsite.link\/europe\/de\/wp-json\/wp\/v2\/types\/product"}],"replies":[{"embeddable":true,"href":"https:\/\/tusa.viewsite.link\/europe\/de\/wp-json\/wp\/v2\/comments?post=20649"}],"wp:featuredmedia":[{"embeddable":true,"href":"https:\/\/tusa.viewsite.link\/europe\/de\/wp-json\/wp\/v2\/media\/13316"}],"wp:attachment":[{"href":"https:\/\/tusa.viewsite.link\/europe\/de\/wp-json\/wp\/v2\/media?parent=20649"}],"wp:term":[{"taxonomy":"product_cat","embeddable":true,"href":"https:\/\/tusa.viewsite.link\/europe\/de\/wp-json\/wp\/v2\/product_cat?post=20649"},{"taxonomy":"product_tag","embeddable":true,"href":"https:\/\/tusa.viewsite.link\/europe\/de\/wp-json\/wp\/v2\/product_tag?post=20649"}],"curies":[{"name":"wp","href":"https:\/\/api.w.org\/{rel}","templated":true}]}}