{"id":20597,"date":"2024-09-09T23:08:41","date_gmt":"2024-09-09T23:08:41","guid":{"rendered":"https:\/\/tusa.viewsite.link\/europe\/product\/reeftourer-schnorchel\/"},"modified":"2024-09-09T23:08:41","modified_gmt":"2024-09-09T23:08:41","slug":"reeftourer-schnorchel","status":"publish","type":"product","link":"https:\/\/tusa.viewsite.link\/europe\/de\/produkt\/reeftourer-schnorchel\/","title":{"rendered":"ReefTourer Schnorchel"},"content":{"rendered":"<p>Der SP-121QB Reef Tourer Schnorchel verf\u00fcgt \u00fcber eine quer geschnittene Trommel f\u00fcr einfaches Reinigen. Der SP-121QB ist ein hervorragender&nbsp;Einstiegsschnorchel und eine unkomplizierte Erg\u00e4nzung Ihrer Schnorchelausr\u00fcstung. <\/p>\n<p>&nbsp;<\/p>\n<p><strong>Abmessungen:<\/strong><\/p>\n<p>Internes Volumen: 7.1 ci \/ 116 cc<br \/>\n Abmessungen: 15.1 in x 5.1 in \/ 385 mm x 129 mm<br \/>\n Gewicht: 3.7 oz \/ 105 g<\/p>\n","protected":false},"excerpt":{"rendered":"<p>Der SP-121QB ist ein hervorragender Einstiegsschnorchel und eine unkomplizierte Erg\u00e4nzung Ihrer Schnorchelausr\u00fcstung.<\/p>\n","protected":false},"featured_media":13456,"comment_status":"closed","ping_status":"closed","template":"","meta":{"_acf_changed":false},"product_cat":[470],"product_tag":[],"class_list":{"0":"post-20597","1":"product","2":"type-product","3":"status-publish","4":"has-post-thumbnail","6":"product_cat-schnorchel-de","8":"first","9":"instock","10":"purchasable","11":"product-type-variable"},"acf":[],"_links":{"self":[{"href":"https:\/\/tusa.viewsite.link\/europe\/de\/wp-json\/wp\/v2\/product\/20597","targetHints":{"allow":["GET"]}}],"collection":[{"href":"https:\/\/tusa.viewsite.link\/europe\/de\/wp-json\/wp\/v2\/product"}],"about":[{"href":"https:\/\/tusa.viewsite.link\/europe\/de\/wp-json\/wp\/v2\/types\/product"}],"replies":[{"embeddable":true,"href":"https:\/\/tusa.viewsite.link\/europe\/de\/wp-json\/wp\/v2\/comments?post=20597"}],"wp:featuredmedia":[{"embeddable":true,"href":"https:\/\/tusa.viewsite.link\/europe\/de\/wp-json\/wp\/v2\/media\/13456"}],"wp:attachment":[{"href":"https:\/\/tusa.viewsite.link\/europe\/de\/wp-json\/wp\/v2\/media?parent=20597"}],"wp:term":[{"taxonomy":"product_cat","embeddable":true,"href":"https:\/\/tusa.viewsite.link\/europe\/de\/wp-json\/wp\/v2\/product_cat?post=20597"},{"taxonomy":"product_tag","embeddable":true,"href":"https:\/\/tusa.viewsite.link\/europe\/de\/wp-json\/wp\/v2\/product_tag?post=20597"}],"curies":[{"name":"wp","href":"https:\/\/api.w.org\/{rel}","templated":true}]}}