{"id":20457,"date":"2024-09-09T23:08:00","date_gmt":"2024-09-09T23:08:00","guid":{"rendered":"https:\/\/tusa.viewsite.link\/europe\/product\/kleio-ii-maske\/"},"modified":"2024-09-09T23:08:00","modified_gmt":"2024-09-09T23:08:00","slug":"kleio-ii-maske","status":"publish","type":"product","link":"https:\/\/tusa.viewsite.link\/europe\/de\/produkt\/kleio-ii-maske\/","title":{"rendered":"Kleio II Maske"},"content":{"rendered":"<p>Die M-111 Kleio II Maske wurde f\u00fcr kleinere, schmalere Gesichter entwickelt und ist aus denselben hochwertigen Materialien gefertigt wie die Masken in Standardgr\u00f6\u00dfe von TUSA. Die M-111 ist perfekt f\u00fcr kleinere Taucherinnen, Jugendliche und Schnorchler. Diese Maske zeichnet sich durch ihr geringes Volumen und ihr eng anliegendes Design aus. Wie alle TUSA-Masken verf\u00fcgt sie \u00fcber eine Vielzahl von Funktionen, die den Komfort und die Passform verbessern und f\u00fcr eine klare Sicht sorgen.   <\/p>\n<p>&nbsp;<\/p>\n<p><strong>Abmessungen:<\/strong><\/p>\n<p>Internes Volumen: 12.5 ci \/ 205 cc<br \/>\n Abmessungen des Rahmens: 3.2 in x 6.0 in \/ 82 mm x 152 mm<br \/>\n Abmessungen der Armaturen: 3.9 in x 4.6 in \/ 100 mm x 116 mm<br \/>\n Gewicht: 7.0 oz x 199 g<\/p>\n","protected":false},"excerpt":{"rendered":"<p>Die M-111 Kleio II Maske ist f\u00fcr kleinere, schmalere Gesichter konzipiert und wird aus denselben hochwertigen Materialien hergestellt wie die Masken in Standardgr\u00f6\u00dfe von TUSA.<\/p>\n","protected":false},"featured_media":13248,"comment_status":"closed","ping_status":"closed","template":"","meta":{"_acf_changed":false},"product_cat":[477],"product_tag":[],"class_list":{"0":"post-20457","1":"product","2":"type-product","3":"status-publish","4":"has-post-thumbnail","6":"product_cat-masken-de","8":"first","9":"instock","10":"purchasable","11":"product-type-variable"},"acf":[],"_links":{"self":[{"href":"https:\/\/tusa.viewsite.link\/europe\/de\/wp-json\/wp\/v2\/product\/20457","targetHints":{"allow":["GET"]}}],"collection":[{"href":"https:\/\/tusa.viewsite.link\/europe\/de\/wp-json\/wp\/v2\/product"}],"about":[{"href":"https:\/\/tusa.viewsite.link\/europe\/de\/wp-json\/wp\/v2\/types\/product"}],"replies":[{"embeddable":true,"href":"https:\/\/tusa.viewsite.link\/europe\/de\/wp-json\/wp\/v2\/comments?post=20457"}],"wp:featuredmedia":[{"embeddable":true,"href":"https:\/\/tusa.viewsite.link\/europe\/de\/wp-json\/wp\/v2\/media\/13248"}],"wp:attachment":[{"href":"https:\/\/tusa.viewsite.link\/europe\/de\/wp-json\/wp\/v2\/media?parent=20457"}],"wp:term":[{"taxonomy":"product_cat","embeddable":true,"href":"https:\/\/tusa.viewsite.link\/europe\/de\/wp-json\/wp\/v2\/product_cat?post=20457"},{"taxonomy":"product_tag","embeddable":true,"href":"https:\/\/tusa.viewsite.link\/europe\/de\/wp-json\/wp\/v2\/product_tag?post=20457"}],"curies":[{"name":"wp","href":"https:\/\/api.w.org\/{rel}","templated":true}]}}