{"id":20305,"date":"2024-09-09T23:07:50","date_gmt":"2024-09-09T23:07:50","guid":{"rendered":"https:\/\/tusa.viewsite.link\/europe\/product\/rolltasche-aus-mesh\/"},"modified":"2024-09-09T23:07:50","modified_gmt":"2024-09-09T23:07:50","slug":"rolltasche-aus-mesh","status":"publish","type":"product","link":"https:\/\/tusa.viewsite.link\/europe\/de\/produkt\/rolltasche-aus-mesh\/","title":{"rendered":"Rolltasche aus Mesh"},"content":{"rendered":"<p class=\"p1\">Die BA0301 Mesh Roller Bag bietet reichlich Platz f\u00fcr eine komplette Tauchausr\u00fcstung. Strapazierf\u00e4higes gummiertes Netzgewebe und eine \u00fcbergro\u00dfe Hauptfach\u00f6ffnung machen diese Tasche zur perfekten Seesack f\u00fcr den Wassersport. Strapazierf\u00e4hige, leicht gleitende R\u00e4der sind eine gro\u00dfartige Erg\u00e4nzung der Tasche, ebenso wie eine Innentasche, ein Schultergurt und zwei robuste Tragegriffe.  <\/p>\n<p>&nbsp;<\/p>\n<p><strong>Abmessungen:<\/strong><\/p>\n<p>Produktabmessungen: 29.9&#215;13.8&#215;11.8inch \/ 76x35x30cm<br \/>\nProduktgewicht: 5.5lb.\/ 2,510g<br \/>\nKapazit\u00e4t: 92L<\/p>\n","protected":false},"excerpt":{"rendered":"<p>Die Mesh Roller Bag bietet reichlich Platz f\u00fcr eine komplette Tauchausr\u00fcstung. Strapazierf\u00e4higes gummiertes Netzgewebe und eine \u00fcbergro\u00dfe Hauptfach\u00f6ffnung machen diese Tasche zur perfekten Seesack f\u00fcr den Wassersport. Strapazierf\u00e4hige, leicht gleitende R\u00e4der sind eine gro\u00dfartige Erg\u00e4nzung der Tasche, ebenso wie eine Innentasche, ein Schultergurt und zwei robuste Tragegriffe.  <\/p>\n","protected":false},"featured_media":20306,"comment_status":"closed","ping_status":"closed","template":"","meta":{"_acf_changed":false},"product_cat":[474],"product_tag":[],"class_list":{"0":"post-20305","1":"product","2":"type-product","3":"status-publish","4":"has-post-thumbnail","6":"product_cat-taschen","8":"first","9":"instock","10":"purchasable","11":"product-type-variable"},"acf":[],"_links":{"self":[{"href":"https:\/\/tusa.viewsite.link\/europe\/de\/wp-json\/wp\/v2\/product\/20305","targetHints":{"allow":["GET"]}}],"collection":[{"href":"https:\/\/tusa.viewsite.link\/europe\/de\/wp-json\/wp\/v2\/product"}],"about":[{"href":"https:\/\/tusa.viewsite.link\/europe\/de\/wp-json\/wp\/v2\/types\/product"}],"replies":[{"embeddable":true,"href":"https:\/\/tusa.viewsite.link\/europe\/de\/wp-json\/wp\/v2\/comments?post=20305"}],"wp:featuredmedia":[{"embeddable":true,"href":"https:\/\/tusa.viewsite.link\/europe\/de\/wp-json\/wp\/v2\/media\/20306"}],"wp:attachment":[{"href":"https:\/\/tusa.viewsite.link\/europe\/de\/wp-json\/wp\/v2\/media?parent=20305"}],"wp:term":[{"taxonomy":"product_cat","embeddable":true,"href":"https:\/\/tusa.viewsite.link\/europe\/de\/wp-json\/wp\/v2\/product_cat?post=20305"},{"taxonomy":"product_tag","embeddable":true,"href":"https:\/\/tusa.viewsite.link\/europe\/de\/wp-json\/wp\/v2\/product_tag?post=20305"}],"curies":[{"name":"wp","href":"https:\/\/api.w.org\/{rel}","templated":true}]}}