{"id":20296,"date":"2024-09-09T23:07:50","date_gmt":"2024-09-09T23:07:50","guid":{"rendered":"https:\/\/tusa.viewsite.link\/europe\/product\/medium-roller-bag-neu-2024\/"},"modified":"2024-09-09T23:07:50","modified_gmt":"2024-09-09T23:07:50","slug":"medium-roller-bag-neu-2024","status":"publish","type":"product","link":"https:\/\/tusa.viewsite.link\/europe\/de\/produkt\/medium-roller-bag-neu-2024\/","title":{"rendered":"Medium Roller Bag (Neu 2024)"},"content":{"rendered":"<p>Die Reisetasche verf\u00fcgt \u00fcber einen bequemen, ausziehbaren, strapazierf\u00e4higen Griff, der die Mobilit\u00e4t w\u00e4hrend des Transports erleichtert. Ausgestattet mit vier Kompressionsriemen, sorgt sie f\u00fcr den sicheren Halt Ihrer Sachen.  Au\u00dferdem bietet die Tasche zwei Tragegriffe f\u00fcr vielseitige Tragem\u00f6glichkeiten. Das Innere der Tasche ist mit zwei Rei\u00dfverschlusstaschen f\u00fcr eine organisierte Aufbewahrung ausgestattet, darunter eine Netztasche mit Rei\u00dfverschluss, in der der Inhalt gut sichtbar ist. Au\u00dfen verf\u00fcgt die Tasche \u00fcber eine gro\u00dfe Au\u00dfentasche mit Doppelrei\u00dfverschluss, die reichlich Platz f\u00fcr schnell zug\u00e4ngliche Gegenst\u00e4nde bietet, sowie eine kleinere Au\u00dfentasche mit Doppelrei\u00dfverschluss.  <\/p>\n<p>&nbsp;<\/p>\n<p><strong>Abmessungen:<\/strong><\/p>\n<p>Produktabmessungen: 11x17x26.4 inch \/ 28x43x67 cm<br \/>\nProduktgewicht: 8.8 lb \/ 4,010 g<br \/>\nFassungsverm\u00f6gen: 81 L<\/p>\n","protected":false},"excerpt":{"rendered":"<p>Die Roller-Tauchtaschen von TUSA sind f\u00fcr alle Arten von Reisen robust gebaut. Ob es sich um einen Wochenendausflug oder eine l\u00e4ngere Reise ins Ausland handelt, TUSA hat eine Tasche, die Ihren Bed\u00fcrfnissen entspricht. <\/p>\n","protected":false},"featured_media":20297,"comment_status":"closed","ping_status":"closed","template":"","meta":{"_acf_changed":false},"product_cat":[474],"product_tag":[],"class_list":{"0":"post-20296","1":"product","2":"type-product","3":"status-publish","4":"has-post-thumbnail","6":"product_cat-taschen","8":"first","9":"instock","10":"purchasable","11":"product-type-variable"},"acf":[],"_links":{"self":[{"href":"https:\/\/tusa.viewsite.link\/europe\/de\/wp-json\/wp\/v2\/product\/20296","targetHints":{"allow":["GET"]}}],"collection":[{"href":"https:\/\/tusa.viewsite.link\/europe\/de\/wp-json\/wp\/v2\/product"}],"about":[{"href":"https:\/\/tusa.viewsite.link\/europe\/de\/wp-json\/wp\/v2\/types\/product"}],"replies":[{"embeddable":true,"href":"https:\/\/tusa.viewsite.link\/europe\/de\/wp-json\/wp\/v2\/comments?post=20296"}],"wp:featuredmedia":[{"embeddable":true,"href":"https:\/\/tusa.viewsite.link\/europe\/de\/wp-json\/wp\/v2\/media\/20297"}],"wp:attachment":[{"href":"https:\/\/tusa.viewsite.link\/europe\/de\/wp-json\/wp\/v2\/media?parent=20296"}],"wp:term":[{"taxonomy":"product_cat","embeddable":true,"href":"https:\/\/tusa.viewsite.link\/europe\/de\/wp-json\/wp\/v2\/product_cat?post=20296"},{"taxonomy":"product_tag","embeddable":true,"href":"https:\/\/tusa.viewsite.link\/europe\/de\/wp-json\/wp\/v2\/product_tag?post=20296"}],"curies":[{"name":"wp","href":"https:\/\/api.w.org\/{rel}","templated":true}]}}