{"id":20260,"date":"2024-09-09T23:08:41","date_gmt":"2024-09-09T23:08:41","guid":{"rendered":"https:\/\/tusa.viewsite.link\/europe\/product\/platina-analog-2-spur-konsole\/"},"modified":"2024-09-09T23:08:41","modified_gmt":"2024-09-09T23:08:41","slug":"platina-analog-2-spur-konsole","status":"publish","type":"product","link":"https:\/\/tusa.viewsite.link\/europe\/de\/produkt\/platina-analog-2-spur-konsole\/","title":{"rendered":"Platina Analog 2-Spur Konsole"},"content":{"rendered":"<p>Die SCA-280 Konsole verf\u00fcgt \u00fcber einen neu gestalteten Kofferraum und Messger\u00e4te. Der SCA-280 ist mit einem 5000psi\/400bar (4350psi\/300bar max) Manometer f\u00fcr die genaue Anzeige des verbleibenden Luftdrucks ausgestattet. Der 200ft\/60m Tiefenmesser verf\u00fcgt \u00fcber eine Maximaltiefenanzeige f\u00fcr zus\u00e4tzliche Sicherheit und Komfort zusammen mit einem Temperaturmesser. Die Anzeige der maximalen Tiefe zeigt den tiefsten Punkt des Tauchgangs an, auch wenn der Taucher sich nicht mehr auf dieser Tiefe befindet. Pr\u00e4zisionsgefertigt nach h\u00f6chsten Standards und in einer Qualit\u00e4t, die ihresgleichen sucht. Eine ausgezeichnete Wahl sowohl f\u00fcr Tauchanf\u00e4nger als auch f\u00fcr erfahrene Taucher als Erg\u00e4nzung zu einem Computermessger\u00e4t. Beide Ger\u00e4te sind mit lumineszierenden Leuchtziffernbl\u00e4ttern ausgestattet, die auch bei Dunkelheit oder schlechten Sichtverh\u00e4ltnissen gut lesbar sind. Das gesamte Zifferblatt leuchtet hell genug, um es ideal f\u00fcr Nachttauchg\u00e4nge oder das Tauchen in dunklen Gebieten zu machen, enth\u00e4lt aber keine radioaktiven Materialien.      <\/p>\n<p>&nbsp;<\/p>\n<p><strong>Abmessungen:<\/strong><\/p>\n<p>Abmessungen: 6.9 in x 2.8 in<br \/>\n 175 mm x 70 mm<\/p>\n","protected":false},"excerpt":{"rendered":"<p>Die SCA-280 Konsole verf\u00fcgt \u00fcber einen neu gestalteten Kofferraum und Messger\u00e4te.<\/p>\n","protected":false},"featured_media":13602,"comment_status":"closed","ping_status":"closed","template":"","meta":{"_acf_changed":false},"product_cat":[462],"product_tag":[],"class_list":{"0":"post-20260","1":"product","2":"type-product","3":"status-publish","4":"has-post-thumbnail","6":"product_cat-instrumente","8":"first","9":"instock","10":"purchasable","11":"product-type-variable"},"acf":[],"_links":{"self":[{"href":"https:\/\/tusa.viewsite.link\/europe\/de\/wp-json\/wp\/v2\/product\/20260","targetHints":{"allow":["GET"]}}],"collection":[{"href":"https:\/\/tusa.viewsite.link\/europe\/de\/wp-json\/wp\/v2\/product"}],"about":[{"href":"https:\/\/tusa.viewsite.link\/europe\/de\/wp-json\/wp\/v2\/types\/product"}],"replies":[{"embeddable":true,"href":"https:\/\/tusa.viewsite.link\/europe\/de\/wp-json\/wp\/v2\/comments?post=20260"}],"wp:featuredmedia":[{"embeddable":true,"href":"https:\/\/tusa.viewsite.link\/europe\/de\/wp-json\/wp\/v2\/media\/13602"}],"wp:attachment":[{"href":"https:\/\/tusa.viewsite.link\/europe\/de\/wp-json\/wp\/v2\/media?parent=20260"}],"wp:term":[{"taxonomy":"product_cat","embeddable":true,"href":"https:\/\/tusa.viewsite.link\/europe\/de\/wp-json\/wp\/v2\/product_cat?post=20260"},{"taxonomy":"product_tag","embeddable":true,"href":"https:\/\/tusa.viewsite.link\/europe\/de\/wp-json\/wp\/v2\/product_tag?post=20260"}],"curies":[{"name":"wp","href":"https:\/\/api.w.org\/{rel}","templated":true}]}}