{"id":20221,"date":"2024-09-09T23:08:41","date_gmt":"2024-09-09T23:08:41","guid":{"rendered":"https:\/\/tusa.viewsite.link\/europe\/product\/rs609-regulator\/"},"modified":"2024-09-09T23:08:41","modified_gmt":"2024-09-09T23:08:41","slug":"rs609-regulator","status":"publish","type":"product","link":"https:\/\/tusa.viewsite.link\/europe\/de\/produkt\/rs609-regulator\/","title":{"rendered":"RS609 Regulator"},"content":{"rendered":"<p>Dieser Atemregler ist der Superheld der Tauchwelt &#8211; er ist leicht, wendig und so effizient! Er ist wie ein spritziger Kumpel, der daf\u00fcr sorgt, dass Sie m\u00fchelos atmen k\u00f6nnen, w\u00e4hrend Sie ins Abenteuer tauchen. <\/p>\n<p>  as Zifferblatt der zweiten Stufe ist aus rostfreiem Stahl gefertigt und verf\u00fcgt \u00fcber eine hochglanzpolierte Oberfl\u00e4che, die so elegant ist, wie sie nur sein kann. Mit dieser kleinen Sch\u00f6nheit werden Sie im Meer sicher einige Flossen drehen! <\/p>\n<p>  Die erste Stufe des R600 ist das ultimative Kraftpaket. Sie ist kompakt und federleicht, hat aber mit ihren Hochleistungsf\u00e4higkeiten eine enorme Schlagkraft. Es ist, als h\u00e4tten Sie ein D\u00fcsentriebwerk, das in Ihre Tasche passt!  <\/p>\n<p>&nbsp;<\/p>\n<p><strong>Abmessungen:<\/strong><\/p>\n","protected":false},"excerpt":{"rendered":"<p>Dieser neue Hochleistungs-Atemregler ist ultraleicht und flexibel und verwendet ein effizientes Nachfragesystem, das ein einfaches Atmen erm\u00f6glicht.<\/p>\n","protected":false},"featured_media":13550,"comment_status":"closed","ping_status":"closed","template":"","meta":{"_acf_changed":false},"product_cat":[464],"product_tag":[],"class_list":{"0":"post-20221","1":"product","2":"type-product","3":"status-publish","4":"has-post-thumbnail","6":"product_cat-regulierungsbehorden","8":"first","9":"instock","10":"purchasable","11":"product-type-variable"},"acf":[],"_links":{"self":[{"href":"https:\/\/tusa.viewsite.link\/europe\/de\/wp-json\/wp\/v2\/product\/20221","targetHints":{"allow":["GET"]}}],"collection":[{"href":"https:\/\/tusa.viewsite.link\/europe\/de\/wp-json\/wp\/v2\/product"}],"about":[{"href":"https:\/\/tusa.viewsite.link\/europe\/de\/wp-json\/wp\/v2\/types\/product"}],"replies":[{"embeddable":true,"href":"https:\/\/tusa.viewsite.link\/europe\/de\/wp-json\/wp\/v2\/comments?post=20221"}],"wp:featuredmedia":[{"embeddable":true,"href":"https:\/\/tusa.viewsite.link\/europe\/de\/wp-json\/wp\/v2\/media\/13550"}],"wp:attachment":[{"href":"https:\/\/tusa.viewsite.link\/europe\/de\/wp-json\/wp\/v2\/media?parent=20221"}],"wp:term":[{"taxonomy":"product_cat","embeddable":true,"href":"https:\/\/tusa.viewsite.link\/europe\/de\/wp-json\/wp\/v2\/product_cat?post=20221"},{"taxonomy":"product_tag","embeddable":true,"href":"https:\/\/tusa.viewsite.link\/europe\/de\/wp-json\/wp\/v2\/product_tag?post=20221"}],"curies":[{"name":"wp","href":"https:\/\/api.w.org\/{rel}","templated":true}]}}