{"id":20164,"date":"2024-09-09T23:08:41","date_gmt":"2024-09-09T23:08:41","guid":{"rendered":"https:\/\/tusa.viewsite.link\/europe\/product\/sav-7-evo3\/"},"modified":"2024-09-09T23:08:41","modified_gmt":"2024-09-09T23:08:41","slug":"sav-7-evo3","status":"publish","type":"product","link":"https:\/\/tusa.viewsite.link\/europe\/de\/produkt\/sav-7-evo3\/","title":{"rendered":"SAV-7 EVO3"},"content":{"rendered":"<p>Mit der n\u00e4chsten Generation des TUSA SAV-7 EVO3 ist das zuverl\u00e4ssigste Tauchfahrzeug f\u00fcr Unterwasserforscher jetzt noch besser geworden. This new underwater vehicle features an innovative and patented Hands-Free Riding Saddle, quick and smooth-responding Variable Speed Control, and a high performance and long-lasting Lithium-Ion Battery with an L.E.D Battery Life Indicator.<\/p>\n<p>  Das SAV-7EVO3 wurde mit einem verbesserten energiekompatiblen kleinen Batterieladeger\u00e4t aktualisiert. Alle anderen Spezifikationen bleiben unver\u00e4ndert. <\/p>\n<p>&nbsp;<\/p>\n<p><strong>Abmessungen:<\/strong><\/p>\n<p>Abmessungen (L x B):<br \/>\n 28.4 in \u00d7 13.4 in<br \/>\n 720 mm \u00d7 340 mm<br \/>\n Gewicht (mit Batterie):<br \/>\n 20,4 kg<br \/>\n Gewicht der untergetauchten Einheit:<br \/>\n 0,5 kg<\/p>\n<p> Geschwindigkeit: 0 ~ 2,8mi\/h (4,5km\/h)<br \/>\n Aktive Tiefe:<br \/>\n Ca. 230 ft \/ 70 m<\/p>\n<p> Aktive Reichweite: 9.400 m \/ 5,9 mi<\/p>\n<p> Geh\u00e4use: Sto\u00dffester ABS-Kunststoff <\/p>\n","protected":false},"excerpt":{"rendered":"<p>Mit der n\u00e4chsten Generation des TUSA SAV-7 EVO3 ist das zuverl\u00e4ssigste Tauchfahrzeug f\u00fcr Unterwasserforscher jetzt noch besser geworden.<\/p>\n","protected":false},"featured_media":14093,"comment_status":"closed","ping_status":"closed","template":"","meta":{"_acf_changed":false},"product_cat":[472],"product_tag":[],"class_list":{"0":"post-20164","1":"product","2":"type-product","3":"status-publish","4":"has-post-thumbnail","6":"product_cat-scooter-tauchen","8":"first","9":"instock","10":"purchasable","11":"product-type-variable"},"acf":[],"_links":{"self":[{"href":"https:\/\/tusa.viewsite.link\/europe\/de\/wp-json\/wp\/v2\/product\/20164","targetHints":{"allow":["GET"]}}],"collection":[{"href":"https:\/\/tusa.viewsite.link\/europe\/de\/wp-json\/wp\/v2\/product"}],"about":[{"href":"https:\/\/tusa.viewsite.link\/europe\/de\/wp-json\/wp\/v2\/types\/product"}],"replies":[{"embeddable":true,"href":"https:\/\/tusa.viewsite.link\/europe\/de\/wp-json\/wp\/v2\/comments?post=20164"}],"wp:featuredmedia":[{"embeddable":true,"href":"https:\/\/tusa.viewsite.link\/europe\/de\/wp-json\/wp\/v2\/media\/14093"}],"wp:attachment":[{"href":"https:\/\/tusa.viewsite.link\/europe\/de\/wp-json\/wp\/v2\/media?parent=20164"}],"wp:term":[{"taxonomy":"product_cat","embeddable":true,"href":"https:\/\/tusa.viewsite.link\/europe\/de\/wp-json\/wp\/v2\/product_cat?post=20164"},{"taxonomy":"product_tag","embeddable":true,"href":"https:\/\/tusa.viewsite.link\/europe\/de\/wp-json\/wp\/v2\/product_tag?post=20164"}],"curies":[{"name":"wp","href":"https:\/\/api.w.org\/{rel}","templated":true}]}}