{"id":19918,"date":"2024-09-09T23:08:56","date_gmt":"2024-09-09T23:08:56","guid":{"rendered":"https:\/\/tusa.viewsite.link\/europe\/product\/freedom-film-fuer-grosse-2-fenster-maske\/"},"modified":"2025-04-29T17:15:33","modified_gmt":"2025-04-29T17:15:33","slug":"freedom-film-fuer-grosse-2-fenster-maske","status":"publish","type":"product","link":"https:\/\/tusa.viewsite.link\/europe\/de\/produkt\/freedom-film-fuer-grosse-2-fenster-maske\/","title":{"rendered":"Freedom Film f\u00fcr gro\u00dfe 2-Fenster-Maske"},"content":{"rendered":"<p>Die Anti-Beschlag-Folie sorgt daf\u00fcr, dass Ihre Lieblingsmaske beim Tauchen unter Wasser nicht beschl\u00e4gt. Die aus langlebigem Material gefertigte Freedom-Folie l\u00e4sst sich leicht auf jeder gr\u00f6\u00dferen 2-Fenster-Maske anbringen und ist bei richtiger Pflege wiederverwendbar. <\/p>\n<p>&nbsp;<\/p>\n<p><strong>Abmessungen:<\/strong><\/p>\n","protected":false},"excerpt":{"rendered":"<p>Der Anti-Beschlag-Film h\u00e4lt Ihre Lieblingsmaske mit 2 Fenstern beim Tauchen beschlagfrei.<\/p>\n","protected":false},"featured_media":13679,"comment_status":"closed","ping_status":"closed","template":"","meta":{"_acf_changed":false},"product_cat":[458],"product_tag":[],"class_list":{"0":"post-19918","1":"product","2":"type-product","3":"status-publish","4":"has-post-thumbnail","6":"product_cat-zubehor-de","8":"first","9":"instock","10":"purchasable","11":"product-type-simple"},"acf":[],"_links":{"self":[{"href":"https:\/\/tusa.viewsite.link\/europe\/de\/wp-json\/wp\/v2\/product\/19918","targetHints":{"allow":["GET"]}}],"collection":[{"href":"https:\/\/tusa.viewsite.link\/europe\/de\/wp-json\/wp\/v2\/product"}],"about":[{"href":"https:\/\/tusa.viewsite.link\/europe\/de\/wp-json\/wp\/v2\/types\/product"}],"replies":[{"embeddable":true,"href":"https:\/\/tusa.viewsite.link\/europe\/de\/wp-json\/wp\/v2\/comments?post=19918"}],"wp:featuredmedia":[{"embeddable":true,"href":"https:\/\/tusa.viewsite.link\/europe\/de\/wp-json\/wp\/v2\/media\/13679"}],"wp:attachment":[{"href":"https:\/\/tusa.viewsite.link\/europe\/de\/wp-json\/wp\/v2\/media?parent=19918"}],"wp:term":[{"taxonomy":"product_cat","embeddable":true,"href":"https:\/\/tusa.viewsite.link\/europe\/de\/wp-json\/wp\/v2\/product_cat?post=19918"},{"taxonomy":"product_tag","embeddable":true,"href":"https:\/\/tusa.viewsite.link\/europe\/de\/wp-json\/wp\/v2\/product_tag?post=19918"}],"curies":[{"name":"wp","href":"https:\/\/api.w.org\/{rel}","templated":true}]}}