{"id":19890,"date":"2024-09-09T23:08:56","date_gmt":"2024-09-09T23:08:56","guid":{"rendered":"https:\/\/tusa.viewsite.link\/europe\/product\/schnorchelweste-erwachsener\/"},"modified":"2024-09-09T23:08:56","modified_gmt":"2024-09-09T23:08:56","slug":"schnorchelweste-erwachsener","status":"publish","type":"product","link":"https:\/\/tusa.viewsite.link\/europe\/de\/produkt\/schnorchelweste-erwachsener\/","title":{"rendered":"Schnorchelweste (Erwachsener)"},"content":{"rendered":"<p>Die Schnorchelwesten SV-4500 und SV-2500 bieten gerade genug Auftrieb, Sicherheit und Komfort f\u00fcr einen langen Schnorcheltag ohne Erm\u00fcdung. Die SV-4500 hat die Gr\u00f6\u00dfe f\u00fcr Erwachsene und die SV-2500 die Gr\u00f6\u00dfe f\u00fcr Kinder und Jugendliche. Sie lassen sich im Wasser leicht auf- und abblasen oder an Land zusammenrollen, um sie auf Reisen kompakt zu verstauen.  <br \/>\n&nbsp;<\/p>\n<p><strong>Abmessungen:<\/strong><\/p>\n<p>Material: Nylon (210 Denier), PU beschichtet<\/p>\n<p> Abmessungen: 55.2 x 72.9 in<br \/>\n 140 x 185 cm<br \/>\n Auftrieb: 23.0 lbs \/ 10.4 kg<\/p>\n","protected":false},"excerpt":{"rendered":"<p>Die SV-4500 Schnorchelweste bietet gerade genug Auftrieb, Sicherheit und Komfort f\u00fcr einen langen Schnorcheltag ohne Erm\u00fcdung.<\/p>\n","protected":false},"featured_media":13837,"comment_status":"closed","ping_status":"closed","template":"","meta":{"_acf_changed":false},"product_cat":[459],"product_tag":[],"class_list":{"0":"post-19890","1":"product","2":"type-product","3":"status-publish","4":"has-post-thumbnail","6":"product_cat-zubehor-de-2","8":"first","9":"instock","10":"purchasable","11":"product-type-simple"},"acf":[],"_links":{"self":[{"href":"https:\/\/tusa.viewsite.link\/europe\/de\/wp-json\/wp\/v2\/product\/19890","targetHints":{"allow":["GET"]}}],"collection":[{"href":"https:\/\/tusa.viewsite.link\/europe\/de\/wp-json\/wp\/v2\/product"}],"about":[{"href":"https:\/\/tusa.viewsite.link\/europe\/de\/wp-json\/wp\/v2\/types\/product"}],"replies":[{"embeddable":true,"href":"https:\/\/tusa.viewsite.link\/europe\/de\/wp-json\/wp\/v2\/comments?post=19890"}],"wp:featuredmedia":[{"embeddable":true,"href":"https:\/\/tusa.viewsite.link\/europe\/de\/wp-json\/wp\/v2\/media\/13837"}],"wp:attachment":[{"href":"https:\/\/tusa.viewsite.link\/europe\/de\/wp-json\/wp\/v2\/media?parent=19890"}],"wp:term":[{"taxonomy":"product_cat","embeddable":true,"href":"https:\/\/tusa.viewsite.link\/europe\/de\/wp-json\/wp\/v2\/product_cat?post=19890"},{"taxonomy":"product_tag","embeddable":true,"href":"https:\/\/tusa.viewsite.link\/europe\/de\/wp-json\/wp\/v2\/product_tag?post=19890"}],"curies":[{"name":"wp","href":"https:\/\/api.w.org\/{rel}","templated":true}]}}