{"id":19886,"date":"2024-09-09T23:08:56","date_gmt":"2024-09-09T23:08:56","guid":{"rendered":"https:\/\/tusa.viewsite.link\/europe\/product\/ss-81-sichere-sekunde\/"},"modified":"2024-09-09T23:08:56","modified_gmt":"2024-09-09T23:08:56","slug":"ss-81-sichere-sekunde","status":"publish","type":"product","link":"https:\/\/tusa.viewsite.link\/europe\/de\/produkt\/ss-81-sichere-sekunde\/","title":{"rendered":"SS-81 Sichere Sekunde"},"content":{"rendered":"<p>Der TUSA SS-81 safe-second verf\u00fcgt \u00fcber einen Venturi-Einstellhebel in einem kompakten Geh\u00e4usedesign mit einem orthop\u00e4disch geformten Mundst\u00fcck. Diese einfache zweite Stufe mit nicht kompensierendem Downstream-Ventil verf\u00fcgt \u00fcber eine Venturi-Steuerung, um einen freien Luftstrom beim Tauchen zu verhindern und den Atemwiderstand bei Bedarf zu erh\u00f6hen. Die Venturi-Flow-Einstellung erleichtert das Atmen, indem sie die Richtung des Luftstroms durch das Mundst\u00fcck steuert. Der verstellbare Drehknopf ist so konzipiert, dass der Atemwiderstand besser kontrolliert werden kann. Das Sequence Exhaust Assist (S.E.A.) System bietet dem Taucher dank seines einzigartigen doppelten Auslassdesigns weniger Widerstand beim Ausatmen. Der Taucher erlebt sanfte Atemzyklen, die den Luftverbrauch und die Erm\u00fcdung reduzieren.     <\/p>\n<p>&nbsp;<\/p>\n<p><strong>Abmessungen:<\/strong><\/p>\n","protected":false},"excerpt":{"rendered":"<p>Der SS-81 safe-second verf\u00fcgt \u00fcber einen Venturi-Einstellhebel in einem kompakten Geh\u00e4usedesign mit einem orthop\u00e4disch geformten Mundst\u00fcck.<\/p>\n","protected":false},"featured_media":13588,"comment_status":"closed","ping_status":"closed","template":"","meta":{"_acf_changed":false},"product_cat":[464],"product_tag":[],"class_list":{"0":"post-19886","1":"product","2":"type-product","3":"status-publish","4":"has-post-thumbnail","6":"product_cat-regulierungsbehorden","8":"first","9":"instock","10":"purchasable","11":"product-type-variable"},"acf":[],"_links":{"self":[{"href":"https:\/\/tusa.viewsite.link\/europe\/de\/wp-json\/wp\/v2\/product\/19886","targetHints":{"allow":["GET"]}}],"collection":[{"href":"https:\/\/tusa.viewsite.link\/europe\/de\/wp-json\/wp\/v2\/product"}],"about":[{"href":"https:\/\/tusa.viewsite.link\/europe\/de\/wp-json\/wp\/v2\/types\/product"}],"replies":[{"embeddable":true,"href":"https:\/\/tusa.viewsite.link\/europe\/de\/wp-json\/wp\/v2\/comments?post=19886"}],"wp:featuredmedia":[{"embeddable":true,"href":"https:\/\/tusa.viewsite.link\/europe\/de\/wp-json\/wp\/v2\/media\/13588"}],"wp:attachment":[{"href":"https:\/\/tusa.viewsite.link\/europe\/de\/wp-json\/wp\/v2\/media?parent=19886"}],"wp:term":[{"taxonomy":"product_cat","embeddable":true,"href":"https:\/\/tusa.viewsite.link\/europe\/de\/wp-json\/wp\/v2\/product_cat?post=19886"},{"taxonomy":"product_tag","embeddable":true,"href":"https:\/\/tusa.viewsite.link\/europe\/de\/wp-json\/wp\/v2\/product_tag?post=19886"}],"curies":[{"name":"wp","href":"https:\/\/api.w.org\/{rel}","templated":true}]}}