{"id":19840,"date":"2024-09-09T23:09:11","date_gmt":"2024-09-09T23:09:11","guid":{"rendered":"https:\/\/tusa.viewsite.link\/europe\/product\/kopf-und-halsgamasche\/"},"modified":"2024-09-09T23:09:11","modified_gmt":"2024-09-09T23:09:11","slug":"kopf-und-halsgamasche","status":"publish","type":"product","link":"https:\/\/tusa.viewsite.link\/europe\/de\/produkt\/kopf-und-halsgamasche\/","title":{"rendered":"Kopf- und Halsgamasche"},"content":{"rendered":"<p>Die neue Kopf-\/Halsmanschette ist ein vielseitiges Accessoire f\u00fcr den versierten Taucher. Die Einheitsgr\u00f6\u00dfe passt den meisten und kann um das Haar gewickelt werden, um es an Ort und Stelle zu halten.  SPF50+ sch\u00fctzt das Haar und die Haut.  &nbsp;Sie kann als Gesichtsmaske getragen werden und hat eine antibakterielle Beschichtung f\u00fcr zus\u00e4tzlichen Schutz.<\/p>\n<p>&nbsp;<\/p>\n<p><strong>Abmessungen:<\/strong><\/p>\n<p>19,6 x 8,6 Zoll<\/p>\n","protected":false},"excerpt":{"rendered":"<p>Die neue Kopf-\/Halsmanschette ist ein vielseitiges Accessoire f\u00fcr den versierten Taucher. Die Einheitsgr\u00f6\u00dfe passt den meisten und kann um das Haar gewickelt werden, um es an Ort und Stelle zu halten. <\/p>\n","protected":false},"featured_media":13689,"comment_status":"closed","ping_status":"closed","template":"","meta":{"_acf_changed":false},"product_cat":[458],"product_tag":[],"class_list":{"0":"post-19840","1":"product","2":"type-product","3":"status-publish","4":"has-post-thumbnail","6":"product_cat-zubehor-de","8":"first","9":"instock","10":"purchasable","11":"product-type-variable"},"acf":[],"_links":{"self":[{"href":"https:\/\/tusa.viewsite.link\/europe\/de\/wp-json\/wp\/v2\/product\/19840","targetHints":{"allow":["GET"]}}],"collection":[{"href":"https:\/\/tusa.viewsite.link\/europe\/de\/wp-json\/wp\/v2\/product"}],"about":[{"href":"https:\/\/tusa.viewsite.link\/europe\/de\/wp-json\/wp\/v2\/types\/product"}],"replies":[{"embeddable":true,"href":"https:\/\/tusa.viewsite.link\/europe\/de\/wp-json\/wp\/v2\/comments?post=19840"}],"wp:featuredmedia":[{"embeddable":true,"href":"https:\/\/tusa.viewsite.link\/europe\/de\/wp-json\/wp\/v2\/media\/13689"}],"wp:attachment":[{"href":"https:\/\/tusa.viewsite.link\/europe\/de\/wp-json\/wp\/v2\/media?parent=19840"}],"wp:term":[{"taxonomy":"product_cat","embeddable":true,"href":"https:\/\/tusa.viewsite.link\/europe\/de\/wp-json\/wp\/v2\/product_cat?post=19840"},{"taxonomy":"product_tag","embeddable":true,"href":"https:\/\/tusa.viewsite.link\/europe\/de\/wp-json\/wp\/v2\/product_tag?post=19840"}],"curies":[{"name":"wp","href":"https:\/\/api.w.org\/{rel}","templated":true}]}}