{"id":19820,"date":"2024-09-09T23:08:56","date_gmt":"2024-09-09T23:08:56","guid":{"rendered":"https:\/\/tusa.viewsite.link\/europe\/product\/ss0001-sichere-sekunde\/"},"modified":"2024-09-09T23:08:56","modified_gmt":"2024-09-09T23:08:56","slug":"ss0001-sichere-sekunde","status":"publish","type":"product","link":"https:\/\/tusa.viewsite.link\/europe\/de\/produkt\/ss0001-sichere-sekunde\/","title":{"rendered":"SS0001 Sichere Sekunde"},"content":{"rendered":"<p>Der SS0001 safe-second hat ein leichtes und kompaktes Geh\u00e4use aus Verbundwerkstoff und kann sowohl mit der linken als auch mit der rechten Hand bedient werden. Der SS0001 verf\u00fcgt \u00fcber einen Venturi-Einstellhebel f\u00fcr leichteres Atmen und ein orthop\u00e4disch angepasstes Mundst\u00fcck. Der SS0001 kombiniert ein klassisches Downstream-Ventil mit einer gro\u00dfen Membran und einer klassischen Sp\u00fcltaste. Seine einfache und robuste Konstruktion mit einem Ventilgeh\u00e4use aus Techno-Polymer bietet ein H\u00f6chstma\u00df an Zuverl\u00e4ssigkeit und macht das SS0001 zur idealen zweiten Stufe f\u00fcr Tauchanf\u00e4nger und dank der umkehrbaren Schlauchbefestigung zur perfekten Wahl f\u00fcr Deko-Flaschen. Die klassischen Downstream-Ventile sind besonders f\u00fcr ihre legend\u00e4re Sicherheit und Zuverl\u00e4ssigkeit bekannt. Bei der Verwendung \u00f6ffnet sich das Downstream-Ventil in der gleichen Richtung wie der einstr\u00f6mende Luftstrom. Um das Ventil zu schlie\u00dfen und den Luftstrom zu stoppen, wirkt eine Feder der Kraft der einstr\u00f6menden Luft entgegen. Daher ist immer eine gewisse Einatmungskraft erforderlich, um die Federspannung zu \u00fcberwinden und das Ventil zu \u00f6ffnen.       <\/p>\n<p>&nbsp;<\/p>\n<p><strong>Abmessungen:<\/strong><\/p>\n","protected":false},"excerpt":{"rendered":"<p>Der SS0001 safe-second hat ein leichtes und kompaktes Geh\u00e4use aus Verbundwerkstoff und kann sowohl mit der linken als auch mit der rechten Hand bedient werden. Der SS0001 verf\u00fcgt \u00fcber einen Venturi-Einstellhebel f\u00fcr leichteres Atmen und ein orthop\u00e4disch angepasstes Mundst\u00fcck. Der SS0001 kombiniert ein klassisches Downstream-Ventil mit einer gro\u00dfen Membran und einer klassischen Sp\u00fcltaste. Seine einfache&hellip;<\/p>\n","protected":false},"featured_media":13578,"comment_status":"closed","ping_status":"closed","template":"","meta":{"_acf_changed":false},"product_cat":[464],"product_tag":[],"class_list":{"0":"post-19820","1":"product","2":"type-product","3":"status-publish","4":"has-post-thumbnail","6":"product_cat-regulierungsbehorden","8":"first","9":"instock","10":"purchasable","11":"product-type-variable"},"acf":[],"_links":{"self":[{"href":"https:\/\/tusa.viewsite.link\/europe\/de\/wp-json\/wp\/v2\/product\/19820","targetHints":{"allow":["GET"]}}],"collection":[{"href":"https:\/\/tusa.viewsite.link\/europe\/de\/wp-json\/wp\/v2\/product"}],"about":[{"href":"https:\/\/tusa.viewsite.link\/europe\/de\/wp-json\/wp\/v2\/types\/product"}],"replies":[{"embeddable":true,"href":"https:\/\/tusa.viewsite.link\/europe\/de\/wp-json\/wp\/v2\/comments?post=19820"}],"wp:featuredmedia":[{"embeddable":true,"href":"https:\/\/tusa.viewsite.link\/europe\/de\/wp-json\/wp\/v2\/media\/13578"}],"wp:attachment":[{"href":"https:\/\/tusa.viewsite.link\/europe\/de\/wp-json\/wp\/v2\/media?parent=19820"}],"wp:term":[{"taxonomy":"product_cat","embeddable":true,"href":"https:\/\/tusa.viewsite.link\/europe\/de\/wp-json\/wp\/v2\/product_cat?post=19820"},{"taxonomy":"product_tag","embeddable":true,"href":"https:\/\/tusa.viewsite.link\/europe\/de\/wp-json\/wp\/v2\/product_tag?post=19820"}],"curies":[{"name":"wp","href":"https:\/\/api.w.org\/{rel}","templated":true}]}}