{"id":19756,"date":"2024-09-09T23:09:11","date_gmt":"2024-09-09T23:09:11","guid":{"rendered":"https:\/\/tusa.viewsite.link\/europe\/product\/x-plore-maske-schnorchel-kombi\/"},"modified":"2024-09-09T23:09:11","modified_gmt":"2024-09-09T23:09:11","slug":"x-plore-maske-schnorchel-kombi","status":"publish","type":"product","link":"https:\/\/tusa.viewsite.link\/europe\/de\/produkt\/x-plore-maske-schnorchel-kombi\/","title":{"rendered":"X-Plore Maske\/Schnorchel Kombi"},"content":{"rendered":"<p>Die X-Plore Maske\/Schnorchel-Kombination umfasst eine 2-Fenster-Maske mit geringem Volumen und breitem Sichtfeld mit rundem Silikonrand, das EZ-Schnallensystem und geh\u00e4rtete Glasscheiben. Der Schnorchel verf\u00fcgt \u00fcber die exklusive Hyperdry Elite-Technologie von TUSA, die das Eindringen von Wasser in den Schnorchel reduziert, eine Ablasskammer und ein Entleerungsventil zum einfachen Reinigen sowie ein lebensmittelechtes Silikonmundst\u00fcck. <\/p>\n<p>&nbsp;<\/p>\n<p><strong>Abmessungen:<\/strong><\/p>\n<p>Abmessungen: 15.6 x 5.3 x 3.5<br \/>\n Produktgewicht: 1.14 lb<\/p>\n","protected":false},"excerpt":{"rendered":"<p>Die X-Plore Maske\/Schnorchel-Kombination besteht aus einer Maske mit 2 Fenstern und einem Schnorchel mit der exklusiven Hyperdry Elite-Technologie von TUSA.<\/p>\n","protected":false},"featured_media":13698,"comment_status":"closed","ping_status":"closed","template":"","meta":{"_acf_changed":false},"product_cat":[450],"product_tag":[],"class_list":{"0":"post-19756","1":"product","2":"type-product","3":"status-publish","4":"has-post-thumbnail","6":"product_cat-erwachsene-combos","8":"first","9":"instock","10":"purchasable","11":"product-type-variable"},"acf":[],"_links":{"self":[{"href":"https:\/\/tusa.viewsite.link\/europe\/de\/wp-json\/wp\/v2\/product\/19756","targetHints":{"allow":["GET"]}}],"collection":[{"href":"https:\/\/tusa.viewsite.link\/europe\/de\/wp-json\/wp\/v2\/product"}],"about":[{"href":"https:\/\/tusa.viewsite.link\/europe\/de\/wp-json\/wp\/v2\/types\/product"}],"replies":[{"embeddable":true,"href":"https:\/\/tusa.viewsite.link\/europe\/de\/wp-json\/wp\/v2\/comments?post=19756"}],"wp:featuredmedia":[{"embeddable":true,"href":"https:\/\/tusa.viewsite.link\/europe\/de\/wp-json\/wp\/v2\/media\/13698"}],"wp:attachment":[{"href":"https:\/\/tusa.viewsite.link\/europe\/de\/wp-json\/wp\/v2\/media?parent=19756"}],"wp:term":[{"taxonomy":"product_cat","embeddable":true,"href":"https:\/\/tusa.viewsite.link\/europe\/de\/wp-json\/wp\/v2\/product_cat?post=19756"},{"taxonomy":"product_tag","embeddable":true,"href":"https:\/\/tusa.viewsite.link\/europe\/de\/wp-json\/wp\/v2\/product_tag?post=19756"}],"curies":[{"name":"wp","href":"https:\/\/api.w.org\/{rel}","templated":true}]}}