{"id":19652,"date":"2024-09-09T23:09:11","date_gmt":"2024-09-09T23:09:11","guid":{"rendered":"https:\/\/tusa.viewsite.link\/europe\/product\/liberator-plus-maske\/"},"modified":"2024-09-09T23:09:11","modified_gmt":"2024-09-09T23:09:11","slug":"liberator-plus-maske","status":"publish","type":"product","link":"https:\/\/tusa.viewsite.link\/europe\/de\/produkt\/liberator-plus-maske\/","title":{"rendered":"Liberator Plus Maske"},"content":{"rendered":"<p>Die TM-5700 Liberator Plus Maske ist f\u00fcr viele Taucher die erste Wahl. Sie bietet Komfort und Funktionen f\u00fcr die meisten Gesichter und Tauchstile. The Liberator Plus blends high performance with high fashion. Lenses are carefully crafted to provide optical clarity and the silicone skirt assures a precise comfortable fit. TM-5700Q also gives you a broad choice of fashionable frame colors.  &nbsp;  Wie alle TUSA-Masken verf\u00fcgt auch diese \u00fcber eine Vielzahl von Funktionen, die den Komfort erh\u00f6hen und f\u00fcr klare Sicht sorgen.<br \/>\n&nbsp;<\/p>\n<p><strong>Abmessungen:<\/strong><\/p>\n<p>7,5 x 4,1 x 3,8 Zoll<\/p>\n","protected":false},"excerpt":{"rendered":"<p>Die TM-5700 Liberator Plus Maske ist f\u00fcr viele Taucher die erste Wahl. Sie bietet Komfort und Funktionen f\u00fcr die meisten Gesichter und Tauchstile.<\/p>\n","protected":false},"featured_media":14119,"comment_status":"closed","ping_status":"closed","template":"","meta":{"_acf_changed":false},"product_cat":[448],"product_tag":[],"class_list":{"0":"post-19652","1":"product","2":"type-product","3":"status-publish","4":"has-post-thumbnail","6":"product_cat-masken","8":"first","9":"instock","10":"purchasable","11":"product-type-variable"},"acf":[],"_links":{"self":[{"href":"https:\/\/tusa.viewsite.link\/europe\/de\/wp-json\/wp\/v2\/product\/19652","targetHints":{"allow":["GET"]}}],"collection":[{"href":"https:\/\/tusa.viewsite.link\/europe\/de\/wp-json\/wp\/v2\/product"}],"about":[{"href":"https:\/\/tusa.viewsite.link\/europe\/de\/wp-json\/wp\/v2\/types\/product"}],"replies":[{"embeddable":true,"href":"https:\/\/tusa.viewsite.link\/europe\/de\/wp-json\/wp\/v2\/comments?post=19652"}],"wp:featuredmedia":[{"embeddable":true,"href":"https:\/\/tusa.viewsite.link\/europe\/de\/wp-json\/wp\/v2\/media\/14119"}],"wp:attachment":[{"href":"https:\/\/tusa.viewsite.link\/europe\/de\/wp-json\/wp\/v2\/media?parent=19652"}],"wp:term":[{"taxonomy":"product_cat","embeddable":true,"href":"https:\/\/tusa.viewsite.link\/europe\/de\/wp-json\/wp\/v2\/product_cat?post=19652"},{"taxonomy":"product_tag","embeddable":true,"href":"https:\/\/tusa.viewsite.link\/europe\/de\/wp-json\/wp\/v2\/product_tag?post=19652"}],"curies":[{"name":"wp","href":"https:\/\/api.w.org\/{rel}","templated":true}]}}