{"id":19493,"date":"2024-09-09T23:09:23","date_gmt":"2024-09-09T23:09:23","guid":{"rendered":"https:\/\/tusa.viewsite.link\/europe\/product\/kompakte-schnorchelflosse\/"},"modified":"2024-09-09T23:09:23","modified_gmt":"2024-09-09T23:09:23","slug":"kompakte-schnorchelflosse","status":"publish","type":"product","link":"https:\/\/tusa.viewsite.link\/europe\/de\/produkt\/kompakte-schnorchelflosse\/","title":{"rendered":"Kompakte Schnorchelflosse"},"content":{"rendered":"<p>Die UF0103 Flossen wurden speziell f\u00fcr Reisen entwickelt und verf\u00fcgen \u00fcber ein kurzes Blatt, eine weiche, komfortable Fu\u00dftasche mit offenem Absatz und ein verstellbares Silikonband. The UF0103 Fin features an enhanced rib design and multi-compound blade for extra power. The open-heel is designed for ease of entry and a secure fit. This sturdy fin is engineered to provide a lot of power for its small size.  <\/p>\n<p>&nbsp;<\/p>\n<p><strong>Abmessungen:<\/strong><\/p>\n<p>12,2 x 7,7 x 2,9 Zoll<\/p>\n","protected":false},"excerpt":{"rendered":"<p>Die UF0103 Flossen wurden speziell f\u00fcr Reisen entwickelt und verf\u00fcgen \u00fcber ein kurzes Blatt, eine weiche, komfortable Fu\u00dftasche mit offenem Absatz und ein verstellbares Silikonband.<\/p>\n","protected":false},"featured_media":13780,"comment_status":"closed","ping_status":"closed","template":"","meta":{"_acf_changed":false},"product_cat":[454],"product_tag":[],"class_list":{"0":"post-19493","1":"product","2":"type-product","3":"status-publish","4":"has-post-thumbnail","6":"product_cat-flossen","8":"first","9":"instock","10":"purchasable","11":"product-type-variable"},"acf":[],"_links":{"self":[{"href":"https:\/\/tusa.viewsite.link\/europe\/de\/wp-json\/wp\/v2\/product\/19493","targetHints":{"allow":["GET"]}}],"collection":[{"href":"https:\/\/tusa.viewsite.link\/europe\/de\/wp-json\/wp\/v2\/product"}],"about":[{"href":"https:\/\/tusa.viewsite.link\/europe\/de\/wp-json\/wp\/v2\/types\/product"}],"replies":[{"embeddable":true,"href":"https:\/\/tusa.viewsite.link\/europe\/de\/wp-json\/wp\/v2\/comments?post=19493"}],"wp:featuredmedia":[{"embeddable":true,"href":"https:\/\/tusa.viewsite.link\/europe\/de\/wp-json\/wp\/v2\/media\/13780"}],"wp:attachment":[{"href":"https:\/\/tusa.viewsite.link\/europe\/de\/wp-json\/wp\/v2\/media?parent=19493"}],"wp:term":[{"taxonomy":"product_cat","embeddable":true,"href":"https:\/\/tusa.viewsite.link\/europe\/de\/wp-json\/wp\/v2\/product_cat?post=19493"},{"taxonomy":"product_tag","embeddable":true,"href":"https:\/\/tusa.viewsite.link\/europe\/de\/wp-json\/wp\/v2\/product_tag?post=19493"}],"curies":[{"name":"wp","href":"https:\/\/api.w.org\/{rel}","templated":true}]}}