{"id":19454,"date":"2024-09-09T23:09:23","date_gmt":"2024-09-09T23:09:23","guid":{"rendered":"https:\/\/tusa.viewsite.link\/europe\/product\/schnorchelflosse\/"},"modified":"2024-09-09T23:09:23","modified_gmt":"2024-09-09T23:09:23","slug":"schnorchelflosse","status":"publish","type":"product","link":"https:\/\/tusa.viewsite.link\/europe\/de\/produkt\/schnorchelflosse\/","title":{"rendered":"Schnorchelflosse"},"content":{"rendered":"<p>Die UF-21 Flossen haben ein fortschrittliches Multi-Flex-Design mit langen Bl\u00e4ttern, Schubkanaltechnologie f\u00fcr \u00fcberlegenen Vortrieb und die Fu\u00dftasche besteht aus einer weichen, haltbaren Mischung, die f\u00fcr Komfort sorgt. The open-heel design allows for quick and easy size adjustment and the silicone heel strap enhances comfort and durability. This fin is engineered to provide a lot of power for its compact size. The fins are lightweight and ideal for travel. TUSA\u2019s industry leading 3 year warranty.   <\/p>\n<p>&nbsp;<\/p>\n<p><strong>Abmessungen:<\/strong><\/p>\n<p>13 x 8 x 3 Zoll<\/p>\n","protected":false},"excerpt":{"rendered":"<p>Die UF-21 Flossen haben ein fortschrittliches Multi-Flex-Design mit langen Bl\u00e4ttern, Schubkanaltechnologie f\u00fcr \u00fcberlegenen Vortrieb und die Fu\u00dftasche besteht aus einer weichen, haltbaren Mischung, die f\u00fcr Komfort sorgt.<\/p>\n","protected":false},"featured_media":13798,"comment_status":"closed","ping_status":"closed","template":"","meta":{"_acf_changed":false},"product_cat":[454],"product_tag":[],"class_list":{"0":"post-19454","1":"product","2":"type-product","3":"status-publish","4":"has-post-thumbnail","6":"product_cat-flossen","8":"first","9":"instock","10":"purchasable","11":"product-type-variable"},"acf":[],"_links":{"self":[{"href":"https:\/\/tusa.viewsite.link\/europe\/de\/wp-json\/wp\/v2\/product\/19454","targetHints":{"allow":["GET"]}}],"collection":[{"href":"https:\/\/tusa.viewsite.link\/europe\/de\/wp-json\/wp\/v2\/product"}],"about":[{"href":"https:\/\/tusa.viewsite.link\/europe\/de\/wp-json\/wp\/v2\/types\/product"}],"replies":[{"embeddable":true,"href":"https:\/\/tusa.viewsite.link\/europe\/de\/wp-json\/wp\/v2\/comments?post=19454"}],"wp:featuredmedia":[{"embeddable":true,"href":"https:\/\/tusa.viewsite.link\/europe\/de\/wp-json\/wp\/v2\/media\/13798"}],"wp:attachment":[{"href":"https:\/\/tusa.viewsite.link\/europe\/de\/wp-json\/wp\/v2\/media?parent=19454"}],"wp:term":[{"taxonomy":"product_cat","embeddable":true,"href":"https:\/\/tusa.viewsite.link\/europe\/de\/wp-json\/wp\/v2\/product_cat?post=19454"},{"taxonomy":"product_tag","embeddable":true,"href":"https:\/\/tusa.viewsite.link\/europe\/de\/wp-json\/wp\/v2\/product_tag?post=19454"}],"curies":[{"name":"wp","href":"https:\/\/api.w.org\/{rel}","templated":true}]}}