{"id":19316,"date":"2024-09-09T23:09:23","date_gmt":"2024-09-09T23:09:23","guid":{"rendered":"https:\/\/tusa.viewsite.link\/europe\/product\/liberator-adult-dry-combo\/"},"modified":"2024-09-09T23:09:23","modified_gmt":"2024-09-09T23:09:23","slug":"liberator-adult-dry-combo","status":"publish","type":"product","link":"https:\/\/tusa.viewsite.link\/europe\/de\/produkt\/liberator-adult-dry-combo\/","title":{"rendered":"Liberator Adult Dry Combo"},"content":{"rendered":"<p>Der UC-5019 Liberator umfasst eine 2-Fenster-Maske mit geringem Volumen und verbesserter Sicht, EZ adjust-Schnallentechnologie, ClearVu-Glasscheibe aus geh\u00e4rtetem Glas und Sch\u00fcrze und Riemen aus reinem Silikon. Der Schnorchel verf\u00fcgt \u00fcber die TUSA Hyperdry-Technologie, die den Wasserdurchfluss in den Schnorchel reduziert, eine Ablasskammer und ein Ablassventil f\u00fcr einfaches Reinigen sowie ein Silikonmundst\u00fcck. Der UC-5019 passt gut zu unseren UF-14Z oder UF-21 Flossen. Die branchenf\u00fchrende 3-Jahres-Garantie von TUSA.   <\/p>\n<p>&nbsp;<\/p>\n<p><strong>Abmessungen:<\/strong><\/p>\n<p>18 x 14 x 8 Zoll<\/p>\n","protected":false},"excerpt":{"rendered":"<p>Der UC-5019 Liberator enth\u00e4lt eine 2-Fenster-Maske mit geringem Volumen und einen Schnorchel mit der TUSA Hyperdry-Technologie.<\/p>\n","protected":false},"featured_media":13737,"comment_status":"closed","ping_status":"closed","template":"","meta":{"_acf_changed":false},"product_cat":[450],"product_tag":[],"class_list":{"0":"post-19316","1":"product","2":"type-product","3":"status-publish","4":"has-post-thumbnail","6":"product_cat-erwachsene-combos","8":"first","9":"instock","10":"purchasable","11":"product-type-variable"},"acf":[],"_links":{"self":[{"href":"https:\/\/tusa.viewsite.link\/europe\/de\/wp-json\/wp\/v2\/product\/19316","targetHints":{"allow":["GET"]}}],"collection":[{"href":"https:\/\/tusa.viewsite.link\/europe\/de\/wp-json\/wp\/v2\/product"}],"about":[{"href":"https:\/\/tusa.viewsite.link\/europe\/de\/wp-json\/wp\/v2\/types\/product"}],"replies":[{"embeddable":true,"href":"https:\/\/tusa.viewsite.link\/europe\/de\/wp-json\/wp\/v2\/comments?post=19316"}],"wp:featuredmedia":[{"embeddable":true,"href":"https:\/\/tusa.viewsite.link\/europe\/de\/wp-json\/wp\/v2\/media\/13737"}],"wp:attachment":[{"href":"https:\/\/tusa.viewsite.link\/europe\/de\/wp-json\/wp\/v2\/media?parent=19316"}],"wp:term":[{"taxonomy":"product_cat","embeddable":true,"href":"https:\/\/tusa.viewsite.link\/europe\/de\/wp-json\/wp\/v2\/product_cat?post=19316"},{"taxonomy":"product_tag","embeddable":true,"href":"https:\/\/tusa.viewsite.link\/europe\/de\/wp-json\/wp\/v2\/product_tag?post=19316"}],"curies":[{"name":"wp","href":"https:\/\/api.w.org\/{rel}","templated":true}]}}