{"id":19260,"date":"2024-09-09T23:09:36","date_gmt":"2024-09-09T23:09:36","guid":{"rendered":"https:\/\/tusa.viewsite.link\/europe\/product\/splendive-dry-travel-set-fuer-erwachsene\/"},"modified":"2024-09-09T23:09:36","modified_gmt":"2024-09-09T23:09:36","slug":"splendive-dry-travel-set-fuer-erwachsene","status":"publish","type":"product","link":"https:\/\/tusa.viewsite.link\/europe\/de\/produkt\/splendive-dry-travel-set-fuer-erwachsene\/","title":{"rendered":"Splendive Dry Travel Set f\u00fcr Erwachsene"},"content":{"rendered":"<p>Das Splendive Dry Travel Set enth\u00e4lt eine 2-Fenster-Maske mit verbesserter Sicht, EZ adjust-Schnallentechnologie, ClearVu-Glasscheibe aus geh\u00e4rtetem Glas sowie eine Sch\u00fcrze und ein Band aus reinem Silikon. The dry snorkel features TUSA Hyperdry Elite dry top technology (pat) that stops water from entering into the snorkel, a drain chamber and purge valve for easy clearing and silicone mouthpiece. The fins have an advanced multi-flex long blade design, thrust channel technology for superior propulsion and the foot pocket is made with a soft, durable compound designed for comfort. The open-heel design allows for quick and easy size adjustment and the silicone heel strap enhances comfort and durability. This fin is engineered to provide a lot of power for its compact size. The fins are lightweight and ideal for travel. Comes standard with travel bag. TUSA\u2019s industry leading 3 year warranty.      <\/p>\n<p>&nbsp;<\/p>\n<p><strong>Abmessungen:<\/strong><\/p>\n<p>40,64 x 22,86 x 10,16 cm<\/p>\n","protected":false},"excerpt":{"rendered":"<p>Das Splendive Dry Travel Set enth\u00e4lt eine 2-Fenster-Maske mit verbesserter Sicht, EZ adjust-Schnallentechnologie, ClearVu-Glasscheibe aus geh\u00e4rtetem Glas sowie eine Sch\u00fcrze und ein Band aus reinem Silikon.<\/p>\n","protected":false},"featured_media":13774,"comment_status":"closed","ping_status":"closed","template":"","meta":{"_acf_changed":false},"product_cat":[442],"product_tag":[],"class_list":{"0":"post-19260","1":"product","2":"type-product","3":"status-publish","4":"has-post-thumbnail","6":"product_cat-reisesets-fur-erwachsene","8":"first","9":"instock","10":"purchasable","11":"product-type-variable"},"acf":[],"_links":{"self":[{"href":"https:\/\/tusa.viewsite.link\/europe\/de\/wp-json\/wp\/v2\/product\/19260","targetHints":{"allow":["GET"]}}],"collection":[{"href":"https:\/\/tusa.viewsite.link\/europe\/de\/wp-json\/wp\/v2\/product"}],"about":[{"href":"https:\/\/tusa.viewsite.link\/europe\/de\/wp-json\/wp\/v2\/types\/product"}],"replies":[{"embeddable":true,"href":"https:\/\/tusa.viewsite.link\/europe\/de\/wp-json\/wp\/v2\/comments?post=19260"}],"wp:featuredmedia":[{"embeddable":true,"href":"https:\/\/tusa.viewsite.link\/europe\/de\/wp-json\/wp\/v2\/media\/13774"}],"wp:attachment":[{"href":"https:\/\/tusa.viewsite.link\/europe\/de\/wp-json\/wp\/v2\/media?parent=19260"}],"wp:term":[{"taxonomy":"product_cat","embeddable":true,"href":"https:\/\/tusa.viewsite.link\/europe\/de\/wp-json\/wp\/v2\/product_cat?post=19260"},{"taxonomy":"product_tag","embeddable":true,"href":"https:\/\/tusa.viewsite.link\/europe\/de\/wp-json\/wp\/v2\/product_tag?post=19260"}],"curies":[{"name":"wp","href":"https:\/\/api.w.org\/{rel}","templated":true}]}}