{"id":19246,"date":"2024-09-09T23:09:36","date_gmt":"2024-09-09T23:09:36","guid":{"rendered":"https:\/\/tusa.viewsite.link\/europe\/product\/visio-tri-ex-reiseset-fuer-erwachsene\/"},"modified":"2024-09-09T23:09:36","modified_gmt":"2024-09-09T23:09:36","slug":"visio-tri-ex-reiseset-fuer-erwachsene","status":"publish","type":"product","link":"https:\/\/tusa.viewsite.link\/europe\/de\/produkt\/visio-tri-ex-reiseset-fuer-erwachsene\/","title":{"rendered":"Visio Tri-Ex Reiseset f\u00fcr Erwachsene"},"content":{"rendered":"<p>The VISIO TRI-EX adult travel set includes the UM-31 Visio Tri-Ex mask, the USP-250 Snorkel, and the UF-21 Fins. <br \/>[break]<br \/>The UM-31 Visio Tri-ex mask is a revolutionary 3-window design that offers an ultra-wide 168\u00b0 panoramic view. This amazingly wide viewing angle is achieved by the incorporation of domed side windows and the significant reduction of frame structure around the lenses, increasing the field of vision by dramatically over traditional masks. The UM-31 mask gently conforms to the contours of your face. Constructed with pure silicone, this mask has been crafted for divers who want a wide front lens combined with a low volume design. The USP-250 dry snorkel features TUSA Hyperdry Elite dry top technology (pat p) that stops water from entering into the snorkel, a drain chamber and purge valve for easy clearing, and pure silicone swivel and mouthpiece.     Die UF-21 Flossen haben ein fortschrittliches Multi-Flex-Design mit langen Bl\u00e4ttern, Schubkanaltechnologie f\u00fcr \u00fcberlegenen Vortrieb und die Fu\u00dftasche besteht aus einer weichen, haltbaren Mischung, die f\u00fcr Komfort sorgt. The open-heel design allows for quick and easy size adjustment and the silicone heel strap enhances comfort and durability. This fin is engineered to provide a lot of power for its compact size. The fins are lightweight and ideal for travel.   Comes standard with a travel bag. <br \/>\n&nbsp;<\/p>\n<p><strong>Abmessungen:<\/strong><\/p>\n<p>18,3 x 9,4 x 4,3 Zoll<\/p>\n","protected":false},"excerpt":{"rendered":"<p>Das VISIO TRI-EX Reiseset f\u00fcr Erwachsene enth\u00e4lt die UM-31 Visio Tri-Ex Maske, den USP-250 Schnorchel und die UF-21 Flossen.<\/p>\n","protected":false},"featured_media":13770,"comment_status":"closed","ping_status":"closed","template":"","meta":{"_acf_changed":false},"product_cat":[442],"product_tag":[],"class_list":{"0":"post-19246","1":"product","2":"type-product","3":"status-publish","4":"has-post-thumbnail","6":"product_cat-reisesets-fur-erwachsene","8":"first","9":"instock","10":"purchasable","11":"product-type-variable"},"acf":[],"_links":{"self":[{"href":"https:\/\/tusa.viewsite.link\/europe\/de\/wp-json\/wp\/v2\/product\/19246","targetHints":{"allow":["GET"]}}],"collection":[{"href":"https:\/\/tusa.viewsite.link\/europe\/de\/wp-json\/wp\/v2\/product"}],"about":[{"href":"https:\/\/tusa.viewsite.link\/europe\/de\/wp-json\/wp\/v2\/types\/product"}],"replies":[{"embeddable":true,"href":"https:\/\/tusa.viewsite.link\/europe\/de\/wp-json\/wp\/v2\/comments?post=19246"}],"wp:featuredmedia":[{"embeddable":true,"href":"https:\/\/tusa.viewsite.link\/europe\/de\/wp-json\/wp\/v2\/media\/13770"}],"wp:attachment":[{"href":"https:\/\/tusa.viewsite.link\/europe\/de\/wp-json\/wp\/v2\/media?parent=19246"}],"wp:term":[{"taxonomy":"product_cat","embeddable":true,"href":"https:\/\/tusa.viewsite.link\/europe\/de\/wp-json\/wp\/v2\/product_cat?post=19246"},{"taxonomy":"product_tag","embeddable":true,"href":"https:\/\/tusa.viewsite.link\/europe\/de\/wp-json\/wp\/v2\/product_tag?post=19246"}],"curies":[{"name":"wp","href":"https:\/\/api.w.org\/{rel}","templated":true}]}}