{"id":19204,"date":"2024-09-09T23:09:36","date_gmt":"2024-09-09T23:09:36","guid":{"rendered":"https:\/\/tusa.viewsite.link\/europe\/product\/serene-travel-set-fuer-erwachsene\/"},"modified":"2024-09-09T23:09:36","modified_gmt":"2024-09-09T23:09:36","slug":"serene-travel-set-fuer-erwachsene","status":"publish","type":"product","link":"https:\/\/tusa.viewsite.link\/europe\/de\/produkt\/serene-travel-set-fuer-erwachsene\/","title":{"rendered":"Serene Travel Set f\u00fcr Erwachsene"},"content":{"rendered":"<p>The SERENE UP-1521QB adult travel set comes with an M-16 Serene mask, a USP-250 snorkel, and a pair of UF-21 fins. The UM-16 Serene mask gently conforms to the contours of your face. Constructed with pure silicone, the Serene has been crafted for divers who want a wide field of view combined with a low volume design.   Der USP-250 Trockenschnorchel verf\u00fcgt \u00fcber die TUSA Hyperdry Elite Dry Top Technologie (pat p), die das Eindringen von Wasser in den Schnorchel verhindert, eine Ablasskammer und ein Entleerungsventil f\u00fcr einfaches Reinigen sowie ein Silikonmundst\u00fcck. Die UF-21 Flossen haben ein fortschrittliches Multi-Flex-Design mit langen Bl\u00e4ttern, Schubkanaltechnologie f\u00fcr \u00fcberlegenen Vortrieb und die Fu\u00dftasche besteht aus einer weichen, haltbaren Mischung, die f\u00fcr Komfort sorgt. The open-heel design allows for quick and easy size adjustment and the silicone heel strap enhances comfort and durability. This fin is engineered to provide a lot of power for its compact size. The fins are lightweight and ideal for travel. Comes standard with travel bag.   <\/p>\n<p>&nbsp;<\/p>\n<p><strong>Abmessungen:<\/strong><\/p>\n<p>18.7&#215;9.1&#215;3.9 in<br \/>\n Produktgewicht: 2.16<\/p>\n","protected":false},"excerpt":{"rendered":"<p>Das SERENE UC-1625QB Reiseset f\u00fcr Erwachsene enth\u00e4lt eine UM-16 Serene Maske und einen USP-250 Schnorchel. Die UM-16 Serene Maske schmiegt sich sanft an die Konturen Ihres Gesichts an. Die aus reinem Silikon gefertigte Serene wurde f\u00fcr Taucher entwickelt, die ein weites Sichtfeld in Kombination mit einem geringen Volumen w\u00fcnschen.  <\/p>\n","protected":false},"featured_media":13756,"comment_status":"closed","ping_status":"closed","template":"","meta":{"_acf_changed":false},"product_cat":[442],"product_tag":[],"class_list":{"0":"post-19204","1":"product","2":"type-product","3":"status-publish","4":"has-post-thumbnail","6":"product_cat-reisesets-fur-erwachsene","8":"first","9":"instock","10":"purchasable","11":"product-type-variable"},"acf":[],"_links":{"self":[{"href":"https:\/\/tusa.viewsite.link\/europe\/de\/wp-json\/wp\/v2\/product\/19204","targetHints":{"allow":["GET"]}}],"collection":[{"href":"https:\/\/tusa.viewsite.link\/europe\/de\/wp-json\/wp\/v2\/product"}],"about":[{"href":"https:\/\/tusa.viewsite.link\/europe\/de\/wp-json\/wp\/v2\/types\/product"}],"replies":[{"embeddable":true,"href":"https:\/\/tusa.viewsite.link\/europe\/de\/wp-json\/wp\/v2\/comments?post=19204"}],"wp:featuredmedia":[{"embeddable":true,"href":"https:\/\/tusa.viewsite.link\/europe\/de\/wp-json\/wp\/v2\/media\/13756"}],"wp:attachment":[{"href":"https:\/\/tusa.viewsite.link\/europe\/de\/wp-json\/wp\/v2\/media?parent=19204"}],"wp:term":[{"taxonomy":"product_cat","embeddable":true,"href":"https:\/\/tusa.viewsite.link\/europe\/de\/wp-json\/wp\/v2\/product_cat?post=19204"},{"taxonomy":"product_tag","embeddable":true,"href":"https:\/\/tusa.viewsite.link\/europe\/de\/wp-json\/wp\/v2\/product_tag?post=19204"}],"curies":[{"name":"wp","href":"https:\/\/api.w.org\/{rel}","templated":true}]}}