{"id":19100,"date":"2024-09-09T23:09:36","date_gmt":"2024-09-09T23:09:36","guid":{"rendered":"https:\/\/tusa.viewsite.link\/europe\/product\/pirana\/"},"modified":"2024-09-09T23:09:36","modified_gmt":"2024-09-09T23:09:36","slug":"pirana","status":"publish","type":"product","link":"https:\/\/tusa.viewsite.link\/europe\/de\/produkt\/pirana\/","title":{"rendered":"Pirana"},"content":{"rendered":"<p>Die V-220 Schwimmbrille ist Teil unserer Masters-Rennsportbrillenlinie. Sie wurde mit Blick auf den Komfort der Schwimmer entwickelt.  Die Brille hat ein weites Sichtfeld und eine weiche Passform f\u00fcr mehr Komfort. Sie hat einen UV-Schutz und eine Super-Antibeschlag-Behandlung, um die Sicht zu maximieren. Au\u00dferdem verf\u00fcgt sie \u00fcber ein verstellbares Band.  <\/p>\n<p>&nbsp;<\/p>\n<p><strong>Abmessungen:<\/strong><\/p>\n<p>8 x 3 x 2 Zoll<\/p>\n","protected":false},"excerpt":{"rendered":"<p>Die V-220 Schwimmbrille ist Teil unserer Masters-Rennsportbrillenlinie. Sie wurde mit Blick auf den Komfort der Schwimmer entwickelt. <\/p>\n","protected":false},"featured_media":13932,"comment_status":"closed","ping_status":"closed","template":"","meta":{"_acf_changed":false},"product_cat":[425,446],"product_tag":[],"class_list":{"0":"post-19100","1":"product","2":"type-product","3":"status-publish","4":"has-post-thumbnail","6":"product_cat-alle-schutzbrillen","7":"product_cat-rennsport","9":"first","10":"instock","11":"purchasable","12":"product-type-variable"},"acf":[],"_links":{"self":[{"href":"https:\/\/tusa.viewsite.link\/europe\/de\/wp-json\/wp\/v2\/product\/19100","targetHints":{"allow":["GET"]}}],"collection":[{"href":"https:\/\/tusa.viewsite.link\/europe\/de\/wp-json\/wp\/v2\/product"}],"about":[{"href":"https:\/\/tusa.viewsite.link\/europe\/de\/wp-json\/wp\/v2\/types\/product"}],"replies":[{"embeddable":true,"href":"https:\/\/tusa.viewsite.link\/europe\/de\/wp-json\/wp\/v2\/comments?post=19100"}],"wp:featuredmedia":[{"embeddable":true,"href":"https:\/\/tusa.viewsite.link\/europe\/de\/wp-json\/wp\/v2\/media\/13932"}],"wp:attachment":[{"href":"https:\/\/tusa.viewsite.link\/europe\/de\/wp-json\/wp\/v2\/media?parent=19100"}],"wp:term":[{"taxonomy":"product_cat","embeddable":true,"href":"https:\/\/tusa.viewsite.link\/europe\/de\/wp-json\/wp\/v2\/product_cat?post=19100"},{"taxonomy":"product_tag","embeddable":true,"href":"https:\/\/tusa.viewsite.link\/europe\/de\/wp-json\/wp\/v2\/product_tag?post=19100"}],"curies":[{"name":"wp","href":"https:\/\/api.w.org\/{rel}","templated":true}]}}