{"id":18952,"date":"2024-09-09T23:09:36","date_gmt":"2024-09-09T23:09:36","guid":{"rendered":"https:\/\/tusa.viewsite.link\/europe\/product\/platina-hyperdry-reiseset-fuer-erwachsene\/"},"modified":"2024-09-09T23:09:36","modified_gmt":"2024-09-09T23:09:36","slug":"platina-hyperdry-reiseset-fuer-erwachsene","status":"publish","type":"product","link":"https:\/\/tusa.viewsite.link\/europe\/de\/produkt\/platina-hyperdry-reiseset-fuer-erwachsene\/","title":{"rendered":"Platina Hyperdry Reiseset f\u00fcr Erwachsene"},"content":{"rendered":"<p>Das Platina Hyperdry Reiseset f\u00fcr Erwachsene enth\u00e4lt eine UM-20 Maske, einen USP-160 Schnorchel und UF0103 Flossen. The UM-20 Mask is designed for maximum field of view, and features a high quality polycarbonate frame, EZ adjust buckle technology, and a ClearVu tempered glass lens. The USP-140 Snorkel features TUSA Hyperdry technology that reduces the chance of water flow into the snorkel. The snorkel also includes a drain chamber and purge valve for easy clearing, and a silicone mouthpiece.   Die UF0103 Flossen wurden speziell f\u00fcr Reisen entwickelt und verf\u00fcgen \u00fcber ein kurzes Blatt, eine weiche, komfortable Fu\u00dftasche mit offenem Absatz und ein verstellbares Silikonband. The open-heel is designed for ease of entry and a secure fit. This sturdy fin is engineered to provide a lot of power for its small size. The set comes standard with a travel bag.  <\/p>\n<p>&nbsp;<\/p>\n<p><strong>Abmessungen:<\/strong><\/p>\n<p>17,56 x 12,76 x 5,79 Zoll<\/p>\n","protected":false},"excerpt":{"rendered":"<p>Das Platina Hyperdry Reiseset f\u00fcr Erwachsene enth\u00e4lt eine UM-20 Maske, einen USP-160 Schnorchel und UF0103 Flossen.<\/p>\n","protected":false},"featured_media":13749,"comment_status":"closed","ping_status":"closed","template":"","meta":{"_acf_changed":false},"product_cat":[442],"product_tag":[],"class_list":{"0":"post-18952","1":"product","2":"type-product","3":"status-publish","4":"has-post-thumbnail","6":"product_cat-reisesets-fur-erwachsene","8":"first","9":"instock","10":"purchasable","11":"product-type-variable"},"acf":[],"_links":{"self":[{"href":"https:\/\/tusa.viewsite.link\/europe\/de\/wp-json\/wp\/v2\/product\/18952","targetHints":{"allow":["GET"]}}],"collection":[{"href":"https:\/\/tusa.viewsite.link\/europe\/de\/wp-json\/wp\/v2\/product"}],"about":[{"href":"https:\/\/tusa.viewsite.link\/europe\/de\/wp-json\/wp\/v2\/types\/product"}],"replies":[{"embeddable":true,"href":"https:\/\/tusa.viewsite.link\/europe\/de\/wp-json\/wp\/v2\/comments?post=18952"}],"wp:featuredmedia":[{"embeddable":true,"href":"https:\/\/tusa.viewsite.link\/europe\/de\/wp-json\/wp\/v2\/media\/13749"}],"wp:attachment":[{"href":"https:\/\/tusa.viewsite.link\/europe\/de\/wp-json\/wp\/v2\/media?parent=18952"}],"wp:term":[{"taxonomy":"product_cat","embeddable":true,"href":"https:\/\/tusa.viewsite.link\/europe\/de\/wp-json\/wp\/v2\/product_cat?post=18952"},{"taxonomy":"product_tag","embeddable":true,"href":"https:\/\/tusa.viewsite.link\/europe\/de\/wp-json\/wp\/v2\/product_tag?post=18952"}],"curies":[{"name":"wp","href":"https:\/\/api.w.org\/{rel}","templated":true}]}}