{"id":18932,"date":"2024-09-09T23:09:36","date_gmt":"2024-09-09T23:09:36","guid":{"rendered":"https:\/\/tusa.viewsite.link\/europe\/product\/mini-kleio-hyperdry-jugend-reise-set\/"},"modified":"2024-09-09T23:09:36","modified_gmt":"2024-09-09T23:09:36","slug":"mini-kleio-hyperdry-jugend-reise-set","status":"publish","type":"product","link":"https:\/\/tusa.viewsite.link\/europe\/de\/produkt\/mini-kleio-hyperdry-jugend-reise-set\/","title":{"rendered":"Mini-Kleio Hyperdry Jugend Reise-Set"},"content":{"rendered":"<p>Das Mini-Kleio Hyperdry Youth Travel Set enth\u00e4lt eine UM-2000 Maske, einen USP-140 Schnorchel und eine UF0103 Flosse. The UM-2000 Mask is designed for maximum field of view. The mask features a high quality polycarbonate frame, EZ adjust buckle technology, and ClearVu tempered glass lens. The USP-140 Snorkel features TUSA Hyperdry technology that reduces the chance of water flow into the snorkel. Snorkel also includes a drain chamber and purge valve for easy clearing, and a silicone mouthpiece.    Die UF0103 Flossen wurden speziell f\u00fcr Reisen entwickelt und verf\u00fcgen \u00fcber ein kurzes Blatt, eine weiche, komfortable Fu\u00dftasche mit offenem Absatz und ein verstellbares Silikonband. The open-heel is designed for ease of entry and a secure fit. This sturdy fin is engineered to provide a lot of power for its small size. The set comes standard with a travel bag. Fits youth ages 6-12.   <\/p>\n<p>&nbsp;<\/p>\n<p><strong>Abmessungen:<\/strong><\/p>\n<p>16 x 9 x 4 Zoll<\/p>\n","protected":false},"excerpt":{"rendered":"<p>Das Mini-Kleio Hyperdry Youth Travel Set enth\u00e4lt eine UM-2000 Maske, einen USP-140 Schnorchel und eine UF0103 Flosse.<\/p>\n","protected":false},"featured_media":13869,"comment_status":"closed","ping_status":"closed","template":"","meta":{"_acf_changed":false},"product_cat":[440],"product_tag":[],"class_list":{"0":"post-18932","1":"product","2":"type-product","3":"status-publish","4":"has-post-thumbnail","6":"product_cat-jugend-reise-sets","8":"first","9":"instock","10":"purchasable","11":"product-type-variable"},"acf":[],"_links":{"self":[{"href":"https:\/\/tusa.viewsite.link\/europe\/de\/wp-json\/wp\/v2\/product\/18932","targetHints":{"allow":["GET"]}}],"collection":[{"href":"https:\/\/tusa.viewsite.link\/europe\/de\/wp-json\/wp\/v2\/product"}],"about":[{"href":"https:\/\/tusa.viewsite.link\/europe\/de\/wp-json\/wp\/v2\/types\/product"}],"replies":[{"embeddable":true,"href":"https:\/\/tusa.viewsite.link\/europe\/de\/wp-json\/wp\/v2\/comments?post=18932"}],"wp:featuredmedia":[{"embeddable":true,"href":"https:\/\/tusa.viewsite.link\/europe\/de\/wp-json\/wp\/v2\/media\/13869"}],"wp:attachment":[{"href":"https:\/\/tusa.viewsite.link\/europe\/de\/wp-json\/wp\/v2\/media?parent=18932"}],"wp:term":[{"taxonomy":"product_cat","embeddable":true,"href":"https:\/\/tusa.viewsite.link\/europe\/de\/wp-json\/wp\/v2\/product_cat?post=18932"},{"taxonomy":"product_tag","embeddable":true,"href":"https:\/\/tusa.viewsite.link\/europe\/de\/wp-json\/wp\/v2\/product_tag?post=18932"}],"curies":[{"name":"wp","href":"https:\/\/api.w.org\/{rel}","templated":true}]}}