{"id":18866,"date":"2024-09-09T23:09:52","date_gmt":"2024-09-09T23:09:52","guid":{"rendered":"https:\/\/tusa.viewsite.link\/europe\/product\/imprex\/"},"modified":"2024-09-09T23:09:52","modified_gmt":"2024-09-09T23:09:52","slug":"imprex","status":"publish","type":"product","link":"https:\/\/tusa.viewsite.link\/europe\/de\/produkt\/imprex\/","title":{"rendered":"Imprex"},"content":{"rendered":"<p>Ideale Passform f\u00fcr jeden, mit superweicher Polsterung und leicht verstellbaren B\u00e4ndern, die die V-300A Imprex zu einer \u00fcberragenden Komfortbrille machen. The V-300A is specifically designed for maximum comfort. Extra long eye seals contribute to a more comfortable fit, also decreasing impressions on your face after extended use. The super soft eye seals make it easy to use this goggle for extended periods of time. An easy pull strap adjuster allows the goggles to be adjusted and fitted effortlessly. The simple design, allows the user to choose their ideal sizing and get into the water faster. Its silicone nosepiece is another feature that keeps the V-300A comfortable yet easy to use.     <\/p>\n<p>&nbsp;<\/p>\n<p><strong>Abmessungen:<\/strong><\/p>\n<p>8,03 x 2,48 x 1,89 Zoll<\/p>\n","protected":false},"excerpt":{"rendered":"<p>Ideale Passform f\u00fcr jeden, mit superweicher Polsterung und leicht verstellbaren B\u00e4ndern, die die V-300A Imprex zu einer \u00fcberragenden Komfortbrille machen.<\/p>\n","protected":false},"featured_media":13902,"comment_status":"closed","ping_status":"closed","template":"","meta":{"_acf_changed":false},"product_cat":[425,438],"product_tag":[],"class_list":{"0":"post-18866","1":"product","2":"type-product","3":"status-publish","4":"has-post-thumbnail","6":"product_cat-alle-schutzbrillen","7":"product_cat-freizeitgestaltung","9":"first","10":"instock","11":"purchasable","12":"product-type-variable"},"acf":[],"_links":{"self":[{"href":"https:\/\/tusa.viewsite.link\/europe\/de\/wp-json\/wp\/v2\/product\/18866","targetHints":{"allow":["GET"]}}],"collection":[{"href":"https:\/\/tusa.viewsite.link\/europe\/de\/wp-json\/wp\/v2\/product"}],"about":[{"href":"https:\/\/tusa.viewsite.link\/europe\/de\/wp-json\/wp\/v2\/types\/product"}],"replies":[{"embeddable":true,"href":"https:\/\/tusa.viewsite.link\/europe\/de\/wp-json\/wp\/v2\/comments?post=18866"}],"wp:featuredmedia":[{"embeddable":true,"href":"https:\/\/tusa.viewsite.link\/europe\/de\/wp-json\/wp\/v2\/media\/13902"}],"wp:attachment":[{"href":"https:\/\/tusa.viewsite.link\/europe\/de\/wp-json\/wp\/v2\/media?parent=18866"}],"wp:term":[{"taxonomy":"product_cat","embeddable":true,"href":"https:\/\/tusa.viewsite.link\/europe\/de\/wp-json\/wp\/v2\/product_cat?post=18866"},{"taxonomy":"product_tag","embeddable":true,"href":"https:\/\/tusa.viewsite.link\/europe\/de\/wp-json\/wp\/v2\/product_tag?post=18866"}],"curies":[{"name":"wp","href":"https:\/\/api.w.org\/{rel}","templated":true}]}}