{"id":18782,"date":"2024-09-09T23:09:52","date_gmt":"2024-09-09T23:09:52","guid":{"rendered":"https:\/\/tusa.viewsite.link\/europe\/product\/swipe-fitness\/"},"modified":"2024-09-09T23:09:52","modified_gmt":"2024-09-09T23:09:52","slug":"swipe-fitness","status":"publish","type":"product","link":"https:\/\/tusa.viewsite.link\/europe\/de\/produkt\/swipe-fitness\/","title":{"rendered":"SWIPE Fitness"},"content":{"rendered":"<p>Die V630ASA ist die erste Schwimmbrille in Japan, die zwei Silikonmaterialien f\u00fcr extreme Weichheit und hervorragende Dichtigkeit kombiniert. Dieses innovative System verhindert, dass sich die Gesichtspolster l\u00f6sen und sorgt f\u00fcr eine gute Passform mit einer Oberfl\u00e4che aus extrem weichem Material. Die neue SWIPE Anti-Fog-Technologie sorgt f\u00fcr einen 10-mal l\u00e4ngeren Anti-Beschlag-Effekt.  <\/p>\n<p>&nbsp;<\/p>\n<p><strong>Abmessungen:<\/strong><\/p>\n<p>8x3x3 in<br \/>\n 4 oz<\/p>\n","protected":false},"excerpt":{"rendered":"<p>Die VIEW V-630ASA ist die erste Schwimmbrille f\u00fcr Erwachsene in Japan, die zwei Silikonmaterialien f\u00fcr extreme Weichheit und hervorragende Dichtigkeit kombiniert. Die neue SWIPE Anti-Beschlag-Technologie sorgt f\u00fcr einen 10-mal l\u00e4ngeren Anti-Beschlag-Effekt. <\/p>\n","protected":false},"featured_media":13980,"comment_status":"closed","ping_status":"closed","template":"","meta":{"_acf_changed":false},"product_cat":[425,429],"product_tag":[],"class_list":{"0":"post-18782","1":"product","2":"type-product","3":"status-publish","4":"has-post-thumbnail","6":"product_cat-alle-schutzbrillen","7":"product_cat-swipe-de","9":"first","10":"instock","11":"purchasable","12":"product-type-variable"},"acf":[],"_links":{"self":[{"href":"https:\/\/tusa.viewsite.link\/europe\/de\/wp-json\/wp\/v2\/product\/18782","targetHints":{"allow":["GET"]}}],"collection":[{"href":"https:\/\/tusa.viewsite.link\/europe\/de\/wp-json\/wp\/v2\/product"}],"about":[{"href":"https:\/\/tusa.viewsite.link\/europe\/de\/wp-json\/wp\/v2\/types\/product"}],"replies":[{"embeddable":true,"href":"https:\/\/tusa.viewsite.link\/europe\/de\/wp-json\/wp\/v2\/comments?post=18782"}],"wp:featuredmedia":[{"embeddable":true,"href":"https:\/\/tusa.viewsite.link\/europe\/de\/wp-json\/wp\/v2\/media\/13980"}],"wp:attachment":[{"href":"https:\/\/tusa.viewsite.link\/europe\/de\/wp-json\/wp\/v2\/media?parent=18782"}],"wp:term":[{"taxonomy":"product_cat","embeddable":true,"href":"https:\/\/tusa.viewsite.link\/europe\/de\/wp-json\/wp\/v2\/product_cat?post=18782"},{"taxonomy":"product_tag","embeddable":true,"href":"https:\/\/tusa.viewsite.link\/europe\/de\/wp-json\/wp\/v2\/product_tag?post=18782"}],"curies":[{"name":"wp","href":"https:\/\/api.w.org\/{rel}","templated":true}]}}