{"id":18697,"date":"2024-09-09T23:09:52","date_gmt":"2024-09-09T23:09:52","guid":{"rendered":"https:\/\/tusa.viewsite.link\/europe\/product\/selene\/"},"modified":"2024-09-09T23:09:52","modified_gmt":"2024-09-09T23:09:52","slug":"selene","status":"publish","type":"product","link":"https:\/\/tusa.viewsite.link\/europe\/de\/produkt\/selene\/","title":{"rendered":"Selene"},"content":{"rendered":"<p>Diese Schutzbrille ist benutzerfreundlich und unglaublich bequem. VIEW hat diese Brille entwickelt, indem ultraweiches Material mit festem Material an verschiedenen Stellen der Brille kombiniert wurde.  Das feste Material wird f\u00fcr den Rahmen verwendet, der das Glas umgibt, w\u00e4hrend das ultraweiche Material f\u00fcr den Teil des Gesichtspolsters verwendet wird, der direkten Kontakt mit der Haut hat. Das Ergebnis ist ein Gesichtspolster, das sich sanft an die Haut anschmiegt, und das Anpassungsgef\u00fchl ist so gut, wie Sie es noch nie erlebt haben. <\/p>\n<p>&nbsp;<\/p>\n<p><strong>Abmessungen:<\/strong><\/p>\n<p>8x3x3 in<br \/>\n 4 oz<\/p>\n","protected":false},"excerpt":{"rendered":"<p>Diese Schutzbrille ist benutzerfreundlich und unglaublich bequem. VIEW hat diese Brille entwickelt, indem ultraweiches Material mit festem Material an verschiedenen Stellen der Brille kombiniert wurde. <\/p>\n","protected":false},"featured_media":13916,"comment_status":"closed","ping_status":"closed","template":"","meta":{"_acf_changed":false},"product_cat":[425,438],"product_tag":[],"class_list":{"0":"post-18697","1":"product","2":"type-product","3":"status-publish","4":"has-post-thumbnail","6":"product_cat-alle-schutzbrillen","7":"product_cat-freizeitgestaltung","9":"first","10":"instock","11":"purchasable","12":"product-type-variable"},"acf":[],"_links":{"self":[{"href":"https:\/\/tusa.viewsite.link\/europe\/de\/wp-json\/wp\/v2\/product\/18697","targetHints":{"allow":["GET"]}}],"collection":[{"href":"https:\/\/tusa.viewsite.link\/europe\/de\/wp-json\/wp\/v2\/product"}],"about":[{"href":"https:\/\/tusa.viewsite.link\/europe\/de\/wp-json\/wp\/v2\/types\/product"}],"replies":[{"embeddable":true,"href":"https:\/\/tusa.viewsite.link\/europe\/de\/wp-json\/wp\/v2\/comments?post=18697"}],"wp:featuredmedia":[{"embeddable":true,"href":"https:\/\/tusa.viewsite.link\/europe\/de\/wp-json\/wp\/v2\/media\/13916"}],"wp:attachment":[{"href":"https:\/\/tusa.viewsite.link\/europe\/de\/wp-json\/wp\/v2\/media?parent=18697"}],"wp:term":[{"taxonomy":"product_cat","embeddable":true,"href":"https:\/\/tusa.viewsite.link\/europe\/de\/wp-json\/wp\/v2\/product_cat?post=18697"},{"taxonomy":"product_tag","embeddable":true,"href":"https:\/\/tusa.viewsite.link\/europe\/de\/wp-json\/wp\/v2\/product_tag?post=18697"}],"curies":[{"name":"wp","href":"https:\/\/api.w.org\/{rel}","templated":true}]}}