{"id":18664,"date":"2024-09-09T23:09:52","date_gmt":"2024-09-09T23:09:52","guid":{"rendered":"https:\/\/tusa.viewsite.link\/europe\/product\/schnapper-jr\/"},"modified":"2024-09-09T23:09:52","modified_gmt":"2024-09-09T23:09:52","slug":"schnapper-jr","status":"publish","type":"product","link":"https:\/\/tusa.viewsite.link\/europe\/de\/produkt\/schnapper-jr\/","title":{"rendered":"Schnapper Jr."},"content":{"rendered":"<p>Der V-730JA verf\u00fcgt \u00fcber langlebige Silikon-Augendichtungen und einen Riemen, die einen bequemen Sitz f\u00fcr jedes Kind gew\u00e4hrleisten. The Snapper Jr is also equipped with a flexible nosepiece and 1-touch buckle adjustment, making fitting a cinch in or out of the water.<\/p>\n<p>&nbsp;<\/p>\n<p><strong>Abmessungen:<\/strong><\/p>\n<p>7 x 2,5 x 2 Zoll<\/p>\n","protected":false},"excerpt":{"rendered":"<p>Der V-730JA verf\u00fcgt \u00fcber langlebige Silikon-Augendichtungen und einen Riemen, die einen bequemen Sitz f\u00fcr jedes Kind gew\u00e4hrleisten.<\/p>\n","protected":false},"featured_media":14147,"comment_status":"closed","ping_status":"closed","template":"","meta":{"_acf_changed":false},"product_cat":[424,425],"product_tag":[],"class_list":{"0":"post-18664","1":"product","2":"type-product","3":"status-publish","4":"has-post-thumbnail","6":"product_cat-jugend","7":"product_cat-alle-schutzbrillen","9":"first","10":"instock","11":"purchasable","12":"product-type-variable"},"acf":[],"_links":{"self":[{"href":"https:\/\/tusa.viewsite.link\/europe\/de\/wp-json\/wp\/v2\/product\/18664","targetHints":{"allow":["GET"]}}],"collection":[{"href":"https:\/\/tusa.viewsite.link\/europe\/de\/wp-json\/wp\/v2\/product"}],"about":[{"href":"https:\/\/tusa.viewsite.link\/europe\/de\/wp-json\/wp\/v2\/types\/product"}],"replies":[{"embeddable":true,"href":"https:\/\/tusa.viewsite.link\/europe\/de\/wp-json\/wp\/v2\/comments?post=18664"}],"wp:featuredmedia":[{"embeddable":true,"href":"https:\/\/tusa.viewsite.link\/europe\/de\/wp-json\/wp\/v2\/media\/14147"}],"wp:attachment":[{"href":"https:\/\/tusa.viewsite.link\/europe\/de\/wp-json\/wp\/v2\/media?parent=18664"}],"wp:term":[{"taxonomy":"product_cat","embeddable":true,"href":"https:\/\/tusa.viewsite.link\/europe\/de\/wp-json\/wp\/v2\/product_cat?post=18664"},{"taxonomy":"product_tag","embeddable":true,"href":"https:\/\/tusa.viewsite.link\/europe\/de\/wp-json\/wp\/v2\/product_tag?post=18664"}],"curies":[{"name":"wp","href":"https:\/\/api.w.org\/{rel}","templated":true}]}}