{"id":18574,"date":"2024-09-09T23:10:09","date_gmt":"2024-09-09T23:10:09","guid":{"rendered":"https:\/\/tusa.viewsite.link\/europe\/product\/ersatzteilset-fuer-vc580as-swipe-korrekturglaeser\/"},"modified":"2024-09-09T23:10:09","modified_gmt":"2024-09-09T23:10:09","slug":"ersatzteilset-fuer-vc580as-swipe-korrekturglaeser","status":"publish","type":"product","link":"https:\/\/tusa.viewsite.link\/europe\/de\/produkt\/ersatzteilset-fuer-vc580as-swipe-korrekturglaeser\/","title":{"rendered":"Ersatzteilset f\u00fcr VC580AS SWIPE Korrekturgl\u00e4ser"},"content":{"rendered":"<p>Das VPS570A ist ein Teilesatz, mit dem Sie Ihre eigene optische Brille von SWIPE mit verschiedenen Nasenst\u00fccken und Bandeinstellern zusammenstellen k\u00f6nnen. Es enth\u00e4lt 3 unterschiedlich gro\u00dfe Nasenst\u00fccke, Seitenclips,&nbsp; und ein Silikonband. Das VPS570A ist ein Kit f\u00fcr die VC580AS SWIPE Korrekturgl\u00e4ser (2 Gl\u00e4ser erforderlich). Das Kit l\u00e4sst sich mit austauschbaren Seitenclips, die sich schnell und einfach l\u00f6sen lassen, leicht anpassen.   <\/p>\n<p>&nbsp;<\/p>\n<p><strong>Abmessungen:<\/strong><\/p>\n<p>.05 lb<\/p>\n","protected":false},"excerpt":{"rendered":"<p>Das VPS570A ist ein Teilesatz, mit dem Sie Ihre eigene optische Brille von SWIPE mit verschiedenen Nasenst\u00fccken und Bandeinstellern zusammenstellen k\u00f6nnen. Es wird mit 3 unterschiedlich gro\u00dfen Nasenst\u00fccken, Seitenclips und einem Silikonband geliefert. <\/p>\n","protected":false},"featured_media":13899,"comment_status":"closed","ping_status":"closed","template":"","meta":{"_acf_changed":false},"product_cat":[434],"product_tag":[],"class_list":{"0":"post-18574","1":"product","2":"type-product","3":"status-publish","4":"has-post-thumbnail","6":"product_cat-korrekturglaser","8":"first","9":"instock","10":"purchasable","11":"product-type-variable"},"acf":[],"_links":{"self":[{"href":"https:\/\/tusa.viewsite.link\/europe\/de\/wp-json\/wp\/v2\/product\/18574","targetHints":{"allow":["GET"]}}],"collection":[{"href":"https:\/\/tusa.viewsite.link\/europe\/de\/wp-json\/wp\/v2\/product"}],"about":[{"href":"https:\/\/tusa.viewsite.link\/europe\/de\/wp-json\/wp\/v2\/types\/product"}],"replies":[{"embeddable":true,"href":"https:\/\/tusa.viewsite.link\/europe\/de\/wp-json\/wp\/v2\/comments?post=18574"}],"wp:featuredmedia":[{"embeddable":true,"href":"https:\/\/tusa.viewsite.link\/europe\/de\/wp-json\/wp\/v2\/media\/13899"}],"wp:attachment":[{"href":"https:\/\/tusa.viewsite.link\/europe\/de\/wp-json\/wp\/v2\/media?parent=18574"}],"wp:term":[{"taxonomy":"product_cat","embeddable":true,"href":"https:\/\/tusa.viewsite.link\/europe\/de\/wp-json\/wp\/v2\/product_cat?post=18574"},{"taxonomy":"product_tag","embeddable":true,"href":"https:\/\/tusa.viewsite.link\/europe\/de\/wp-json\/wp\/v2\/product_tag?post=18574"}],"curies":[{"name":"wp","href":"https:\/\/api.w.org\/{rel}","templated":true}]}}