{"id":18500,"date":"2024-09-09T23:10:09","date_gmt":"2024-09-09T23:10:09","guid":{"rendered":"https:\/\/tusa.viewsite.link\/europe\/product\/2-wege-ohrstoepsel-aus-silikon\/"},"modified":"2024-09-09T23:10:09","modified_gmt":"2024-09-09T23:10:09","slug":"2-wege-ohrstoepsel-aus-silikon","status":"publish","type":"product","link":"https:\/\/tusa.viewsite.link\/europe\/de\/produkt\/2-wege-ohrstoepsel-aus-silikon\/","title":{"rendered":"2-Wege-Ohrst\u00f6psel aus Silikon"},"content":{"rendered":"<p>Ein neu entworfener 3-Flansch-Ohrst\u00f6psel wurde f\u00fcr alle Arten von Wassersport entwickelt. Der VA-1201A ist aus 100% weichem Silikon gefertigt und wird mit einer Leine geliefert, damit er nicht verloren geht. Das 3-stufige Design wurde speziell f\u00fcr den vollst\u00e4ndigen Verschluss des Ohrs entwickelt. Die Ohrst\u00f6psel sind einfach zu verwenden und bequem. Der VA-1201A ist eine Einheitsgr\u00f6\u00dfe f\u00fcr alle.   <\/p>\n<p>&nbsp;<\/p>\n<p><strong>Abmessungen:<\/strong><\/p>\n<p>1x1x3 in<\/p>\n","protected":false},"excerpt":{"rendered":"<p>Ein neu entworfener 3-Flansch-Ohrst\u00f6psel wurde f\u00fcr alle Arten von Wassersport entwickelt.<\/p>\n","protected":false},"featured_media":13878,"comment_status":"closed","ping_status":"closed","template":"","meta":{"_acf_changed":false},"product_cat":[430],"product_tag":[],"class_list":{"0":"post-18500","1":"product","2":"type-product","3":"status-publish","4":"has-post-thumbnail","6":"product_cat-zubehor","8":"first","9":"instock","10":"purchasable","11":"product-type-variable"},"acf":[],"_links":{"self":[{"href":"https:\/\/tusa.viewsite.link\/europe\/de\/wp-json\/wp\/v2\/product\/18500","targetHints":{"allow":["GET"]}}],"collection":[{"href":"https:\/\/tusa.viewsite.link\/europe\/de\/wp-json\/wp\/v2\/product"}],"about":[{"href":"https:\/\/tusa.viewsite.link\/europe\/de\/wp-json\/wp\/v2\/types\/product"}],"replies":[{"embeddable":true,"href":"https:\/\/tusa.viewsite.link\/europe\/de\/wp-json\/wp\/v2\/comments?post=18500"}],"wp:featuredmedia":[{"embeddable":true,"href":"https:\/\/tusa.viewsite.link\/europe\/de\/wp-json\/wp\/v2\/media\/13878"}],"wp:attachment":[{"href":"https:\/\/tusa.viewsite.link\/europe\/de\/wp-json\/wp\/v2\/media?parent=18500"}],"wp:term":[{"taxonomy":"product_cat","embeddable":true,"href":"https:\/\/tusa.viewsite.link\/europe\/de\/wp-json\/wp\/v2\/product_cat?post=18500"},{"taxonomy":"product_tag","embeddable":true,"href":"https:\/\/tusa.viewsite.link\/europe\/de\/wp-json\/wp\/v2\/product_tag?post=18500"}],"curies":[{"name":"wp","href":"https:\/\/api.w.org\/{rel}","templated":true}]}}