{"id":18470,"date":"2024-09-09T23:10:09","date_gmt":"2024-09-09T23:10:09","guid":{"rendered":"https:\/\/tusa.viewsite.link\/europe\/product\/korrekturlinse-fuer-v-500a\/"},"modified":"2024-09-09T23:10:09","modified_gmt":"2024-09-09T23:10:09","slug":"korrekturlinse-fuer-v-500a","status":"publish","type":"product","link":"https:\/\/tusa.viewsite.link\/europe\/de\/produkt\/korrekturlinse-fuer-v-500a\/","title":{"rendered":"Korrekturlinse f\u00fcr V-500A"},"content":{"rendered":"<p>Diese vielseitigen +\/- Korrekturgl\u00e4ser k\u00f6nnen in die V-500A Platina Goggles eingesetzt werden. Sie k\u00f6nnen aber auch mit dem VPS-500A Parts Kit kombiniert werden, um eine individuelle Korrektionsbrille herzustellen. Mit nur zwei Gl\u00e4sern und einem VPS-500A Riemensatz hat der Schwimmer eine ma\u00dfgeschneiderte Schwimmbrille und eine v\u00f6llig neue Sicht unter Wasser.<\/p>\n<p>&nbsp;<\/p>\n<p><strong>Abmessungen:<\/strong><\/p>\n<p>1 x 4 x 2 Zoll<br \/>\n.1 lb<\/p>\n","protected":false},"excerpt":{"rendered":"<p>Diese vielseitigen +\/- Korrekturgl\u00e4ser k\u00f6nnen in die V-500A Platina Goggles eingesetzt werden. Sie k\u00f6nnen aber auch mit dem VPS-500A Parts Kit kombiniert werden, um eine individuelle Korrektionsbrille herzustellen.<\/p>\n","protected":false},"featured_media":13891,"comment_status":"closed","ping_status":"closed","template":"","meta":{"_acf_changed":false},"product_cat":[434],"product_tag":[],"class_list":{"0":"post-18470","1":"product","2":"type-product","3":"status-publish","4":"has-post-thumbnail","6":"product_cat-korrekturglaser","8":"first","9":"instock","10":"purchasable","11":"product-type-variable"},"acf":[],"_links":{"self":[{"href":"https:\/\/tusa.viewsite.link\/europe\/de\/wp-json\/wp\/v2\/product\/18470","targetHints":{"allow":["GET"]}}],"collection":[{"href":"https:\/\/tusa.viewsite.link\/europe\/de\/wp-json\/wp\/v2\/product"}],"about":[{"href":"https:\/\/tusa.viewsite.link\/europe\/de\/wp-json\/wp\/v2\/types\/product"}],"replies":[{"embeddable":true,"href":"https:\/\/tusa.viewsite.link\/europe\/de\/wp-json\/wp\/v2\/comments?post=18470"}],"wp:featuredmedia":[{"embeddable":true,"href":"https:\/\/tusa.viewsite.link\/europe\/de\/wp-json\/wp\/v2\/media\/13891"}],"wp:attachment":[{"href":"https:\/\/tusa.viewsite.link\/europe\/de\/wp-json\/wp\/v2\/media?parent=18470"}],"wp:term":[{"taxonomy":"product_cat","embeddable":true,"href":"https:\/\/tusa.viewsite.link\/europe\/de\/wp-json\/wp\/v2\/product_cat?post=18470"},{"taxonomy":"product_tag","embeddable":true,"href":"https:\/\/tusa.viewsite.link\/europe\/de\/wp-json\/wp\/v2\/product_tag?post=18470"}],"curies":[{"name":"wp","href":"https:\/\/api.w.org\/{rel}","templated":true}]}}