{"id":18456,"date":"2024-09-09T23:07:50","date_gmt":"2024-09-09T23:07:50","guid":{"rendered":"https:\/\/tusa.viewsite.link\/europe\/product\/crestline-bcd\/"},"modified":"2024-09-09T23:07:50","modified_gmt":"2024-09-09T23:07:50","slug":"crestline-bcd","status":"publish","type":"product","link":"https:\/\/tusa.viewsite.link\/europe\/de\/produkt\/crestline-bcd\/","title":{"rendered":"Crestline BCD"},"content":{"rendered":"<p>Machen Sie Platz f\u00fcr TUSAs neueste, grundlegende Tarierweste, die Crestline BC0602B. Diese BC wurde f\u00fcr den Freizeitgebrauch und f\u00fcr Reisen entwickelt und ist vielseitig und leicht. Die TUSA Crestline BC0602B ist aus dem strapazierf\u00e4higen 500\/420-Denier Cordura-Material gefertigt, das robust und abriebfest ist. Mit seinem Wraparound-Jacket-Design ist dieses BC perfekt f\u00fcr Taucher aller K\u00f6nnensstufen geeignet. Die BC0602B ist mit dem langlebigen TUSA Power Inflator und den O.P.E.V.-Ablassventilen ausgestattet, die sich an der unteren rechten Seite und der rechten Schulter befinden.    <\/p>\n<p>&nbsp;<\/p>\n<p><strong>Abmessungen:<\/strong><\/p>\n<p>\u00c4u\u00dferes Gewebe: 500D CORDURA*<br \/>\nInnengewebe: 420D Nylon<br \/>\nAblassventile: 3 (O.P.E.V. +2)<br \/>\nD-Ringe: 4 Harz<br \/>\n*CORDURA ist eine eingetragene Marke der INVISTA Corporation in den Vereinigten Staaten.<br \/>\nHubkapazit\u00e4t: XS: 18. lbf.\/S: 22.5 lbf.\/M: 31.5 lbf.\/L 38.2 lbf.\/XL: 45.0 lbf<\/p>\n","protected":false},"excerpt":{"rendered":"<p>Die Crestline BC0602B, die neueste Tarierweste von TUSA, ist f\u00fcr den Freizeitgebrauch und f\u00fcr Reisen konzipiert und ist vielseitig und leicht.<\/p>\n","protected":false},"featured_media":18457,"comment_status":"closed","ping_status":"closed","template":"","meta":{"_acf_changed":false},"product_cat":[432],"product_tag":[],"class_list":{"0":"post-18456","1":"product","2":"type-product","3":"status-publish","4":"has-post-thumbnail","6":"product_cat-bcds-de","8":"first","9":"instock","10":"purchasable","11":"product-type-variable"},"acf":[],"_links":{"self":[{"href":"https:\/\/tusa.viewsite.link\/europe\/de\/wp-json\/wp\/v2\/product\/18456","targetHints":{"allow":["GET"]}}],"collection":[{"href":"https:\/\/tusa.viewsite.link\/europe\/de\/wp-json\/wp\/v2\/product"}],"about":[{"href":"https:\/\/tusa.viewsite.link\/europe\/de\/wp-json\/wp\/v2\/types\/product"}],"replies":[{"embeddable":true,"href":"https:\/\/tusa.viewsite.link\/europe\/de\/wp-json\/wp\/v2\/comments?post=18456"}],"wp:featuredmedia":[{"embeddable":true,"href":"https:\/\/tusa.viewsite.link\/europe\/de\/wp-json\/wp\/v2\/media\/18457"}],"wp:attachment":[{"href":"https:\/\/tusa.viewsite.link\/europe\/de\/wp-json\/wp\/v2\/media?parent=18456"}],"wp:term":[{"taxonomy":"product_cat","embeddable":true,"href":"https:\/\/tusa.viewsite.link\/europe\/de\/wp-json\/wp\/v2\/product_cat?post=18456"},{"taxonomy":"product_tag","embeddable":true,"href":"https:\/\/tusa.viewsite.link\/europe\/de\/wp-json\/wp\/v2\/product_tag?post=18456"}],"curies":[{"name":"wp","href":"https:\/\/api.w.org\/{rel}","templated":true}]}}