{"id":19471,"date":"2024-09-09T23:08:00","date_gmt":"2024-09-09T23:08:00","guid":{"rendered":"https:\/\/tusa.viewsite.link\/product\/tina-mascara\/"},"modified":"2024-09-09T23:08:00","modified_gmt":"2024-09-09T23:08:00","slug":"tina-mascara","status":"publish","type":"product","link":"https:\/\/tusa.viewsite.link\/es\/producto\/tina-mascara\/","title":{"rendered":"Tina M\u00e1scara"},"content":{"rendered":"<p>La M\u00e1scara M1002 Tina es el \u00faltimo dise\u00f1o de Freedom Technology. Es una m\u00e1scara de perfil bajo y 1 ventana que incluye un acento de cristal y una base de accesorios para su personalizaci\u00f3n. <\/p>\n<p>&nbsp;<\/p>\n<p><strong>Dimensiones:<\/strong><\/p>\n<p>Volumen interno: 13,1 ci \/ 215 cc<br \/>\n Dimensi\u00f3n del bastidor: 3,1 in x 6,1 in \/ 80 mm x 154 mm<br \/>\n Dimensi\u00f3n del accesorio: 4.4 in x 5.1 in \/ 113 mm x 130 mm<br \/>\n Peso: 7.4 oz \/ 210 g<\/p>\n","protected":false},"excerpt":{"rendered":"<p>La M\u00e1scara M1002 Tina es una m\u00e1scara de perfil bajo y 1 ventana que incluye un acento de cristal y una base de accesorios para personalizarla.<\/p>\n","protected":false},"featured_media":19477,"comment_status":"closed","ping_status":"closed","template":"","meta":{"_acf_changed":false},"product_cat":[417],"product_tag":[],"class_list":{"0":"post-19471","1":"product","2":"type-product","3":"status-publish","4":"has-post-thumbnail","6":"product_cat-mascaras","8":"first","9":"instock","10":"purchasable","11":"product-type-variable"},"acf":[],"_links":{"self":[{"href":"https:\/\/tusa.viewsite.link\/es\/wp-json\/wp\/v2\/product\/19471","targetHints":{"allow":["GET"]}}],"collection":[{"href":"https:\/\/tusa.viewsite.link\/es\/wp-json\/wp\/v2\/product"}],"about":[{"href":"https:\/\/tusa.viewsite.link\/es\/wp-json\/wp\/v2\/types\/product"}],"replies":[{"embeddable":true,"href":"https:\/\/tusa.viewsite.link\/es\/wp-json\/wp\/v2\/comments?post=19471"}],"wp:featuredmedia":[{"embeddable":true,"href":"https:\/\/tusa.viewsite.link\/es\/wp-json\/wp\/v2\/media\/19477"}],"wp:attachment":[{"href":"https:\/\/tusa.viewsite.link\/es\/wp-json\/wp\/v2\/media?parent=19471"}],"wp:term":[{"taxonomy":"product_cat","embeddable":true,"href":"https:\/\/tusa.viewsite.link\/es\/wp-json\/wp\/v2\/product_cat?post=19471"},{"taxonomy":"product_tag","embeddable":true,"href":"https:\/\/tusa.viewsite.link\/es\/wp-json\/wp\/v2\/product_tag?post=19471"}],"curies":[{"name":"wp","href":"https:\/\/api.w.org\/{rel}","templated":true}]}}