{"id":19462,"date":"2024-09-09T23:07:50","date_gmt":"2024-09-09T23:07:50","guid":{"rendered":"https:\/\/tusa.viewsite.link\/product\/bb-reacciona-bcd\/"},"modified":"2024-09-09T23:07:50","modified_gmt":"2024-09-09T23:07:50","slug":"bb-reacciona-bcd","status":"publish","type":"product","link":"https:\/\/tusa.viewsite.link\/es\/producto\/bb-reacciona-bcd\/","title":{"rendered":"BB Reacciona BCD"},"content":{"rendered":"<p>El BB React es nuestro BCJ m\u00e1s nuevo, con el novedoso Sistema React. El Sistema React mantiene el peso m\u00e1s cerca del cuerpo para eliminar el balanceo del tanque y crear un ajuste c\u00f3modo y estable. Disponible en las tallas XS-XL, es una gran elecci\u00f3n de chaleco para cualquiera que desee lo \u00faltimo en tecnolog\u00eda TUSA.  <\/p>\n<p>&nbsp;<\/p>\n<p><strong>Dimensiones:<\/strong><\/p>\n<p>Tejido exterior: TPU Doble Laminado Nylon 420D<br \/>\nTejido Interno: TPU Doble Laminado Nylon 420D<br \/>\nV\u00e1lvulas de descarga: 3 (O.P.E.V. +2)<br \/>\nAnillas en D: 2 inoxidables, 2 de resina (Anillas en D reposicionables)<\/p>\n","protected":false},"excerpt":{"rendered":"<p>El nuevo e innovador inflado dorsal BB React acerca el peso y la flotabilidad al cuerpo del buceador para aumentar la comodidad y el equilibrio.<\/p>\n","protected":false},"featured_media":19463,"comment_status":"closed","ping_status":"closed","template":"","meta":{"_acf_changed":false},"product_cat":[412],"product_tag":[],"class_list":{"0":"post-19462","1":"product","2":"type-product","3":"status-publish","4":"has-post-thumbnail","6":"product_cat-bcds-es","8":"first","9":"instock","10":"purchasable","11":"product-type-variable"},"acf":[],"_links":{"self":[{"href":"https:\/\/tusa.viewsite.link\/es\/wp-json\/wp\/v2\/product\/19462","targetHints":{"allow":["GET"]}}],"collection":[{"href":"https:\/\/tusa.viewsite.link\/es\/wp-json\/wp\/v2\/product"}],"about":[{"href":"https:\/\/tusa.viewsite.link\/es\/wp-json\/wp\/v2\/types\/product"}],"replies":[{"embeddable":true,"href":"https:\/\/tusa.viewsite.link\/es\/wp-json\/wp\/v2\/comments?post=19462"}],"wp:featuredmedia":[{"embeddable":true,"href":"https:\/\/tusa.viewsite.link\/es\/wp-json\/wp\/v2\/media\/19463"}],"wp:attachment":[{"href":"https:\/\/tusa.viewsite.link\/es\/wp-json\/wp\/v2\/media?parent=19462"}],"wp:term":[{"taxonomy":"product_cat","embeddable":true,"href":"https:\/\/tusa.viewsite.link\/es\/wp-json\/wp\/v2\/product_cat?post=19462"},{"taxonomy":"product_tag","embeddable":true,"href":"https:\/\/tusa.viewsite.link\/es\/wp-json\/wp\/v2\/product_tag?post=19462"}],"curies":[{"name":"wp","href":"https:\/\/api.w.org\/{rel}","templated":true}]}}