{"id":19425,"date":"2024-09-09T23:10:09","date_gmt":"2024-09-09T23:10:09","guid":{"rendered":"https:\/\/tusa.viewsite.link\/product\/swipe-selene\/"},"modified":"2024-09-09T23:10:09","modified_gmt":"2024-09-09T23:10:09","slug":"swipe-selene","status":"publish","type":"product","link":"https:\/\/tusa.viewsite.link\/es\/producto\/swipe-selene\/","title":{"rendered":"SWIPE Selene"},"content":{"rendered":"<p>Nuevas gafas de nataci\u00f3n con tecnolog\u00eda SWIPE ANTI-NIEBLA. \u00abSWIPE ANTI-NIEBLA\u00bb puede limpiar la lente con unos pocos movimientos del dedo y se recuperar\u00e1 una visi\u00f3n clara. Comparadas con otras gafas, las nuevas gafas antivaho SWIPE duran 10 veces m\u00e1s. Estas gafas son f\u00e1ciles de usar e incre\u00edblemente c\u00f3modas. VIEW ha desarrollado estas gafas integrando un material ultrasuave con un material firme en distintas partes de la gafa. El material firme se utiliza para la montura que rodea la lente, mientras que el material ultrasuave se utiliza para la secci\u00f3n de la almohadilla facial que entra en contacto directo con la piel. El resultado es una almohadilla facial que se adapta suavemente a la piel, y la sensaci\u00f3n de ajuste no se parece a nada que hayas sentido antes.      <\/p>\n<p>&nbsp;<\/p>\n<p><strong>Dimensiones:<\/strong><\/p>\n<p>8x3x3 en<br \/>\n 4 oz<\/p>\n","protected":false},"excerpt":{"rendered":"<p>Estas gafas son f\u00e1ciles de usar e incre\u00edblemente c\u00f3modas. VIEW ha desarrollado estas gafas integrando material ultrasuave con material firme en distintas partes de la gafa. <\/p>\n","protected":false},"featured_media":19430,"comment_status":"closed","ping_status":"closed","template":"","meta":{"_acf_changed":false},"product_cat":[433,438],"product_tag":[],"class_list":{"0":"post-19425","1":"product","2":"type-product","3":"status-publish","4":"has-post-thumbnail","6":"product_cat-todas-las-gafas","7":"product_cat-swipe-es","9":"first","10":"instock","11":"purchasable","12":"product-type-variable"},"acf":[],"_links":{"self":[{"href":"https:\/\/tusa.viewsite.link\/es\/wp-json\/wp\/v2\/product\/19425","targetHints":{"allow":["GET"]}}],"collection":[{"href":"https:\/\/tusa.viewsite.link\/es\/wp-json\/wp\/v2\/product"}],"about":[{"href":"https:\/\/tusa.viewsite.link\/es\/wp-json\/wp\/v2\/types\/product"}],"replies":[{"embeddable":true,"href":"https:\/\/tusa.viewsite.link\/es\/wp-json\/wp\/v2\/comments?post=19425"}],"wp:featuredmedia":[{"embeddable":true,"href":"https:\/\/tusa.viewsite.link\/es\/wp-json\/wp\/v2\/media\/19430"}],"wp:attachment":[{"href":"https:\/\/tusa.viewsite.link\/es\/wp-json\/wp\/v2\/media?parent=19425"}],"wp:term":[{"taxonomy":"product_cat","embeddable":true,"href":"https:\/\/tusa.viewsite.link\/es\/wp-json\/wp\/v2\/product_cat?post=19425"},{"taxonomy":"product_tag","embeddable":true,"href":"https:\/\/tusa.viewsite.link\/es\/wp-json\/wp\/v2\/product_tag?post=19425"}],"curies":[{"name":"wp","href":"https:\/\/api.w.org\/{rel}","templated":true}]}}