{"id":19405,"date":"2024-09-09T23:10:09","date_gmt":"2024-09-09T23:10:09","guid":{"rendered":"https:\/\/tusa.viewsite.link\/product\/lente-correctora-para-vps-741ja\/"},"modified":"2024-09-09T23:10:09","modified_gmt":"2024-09-09T23:10:09","slug":"lente-correctora-para-vps-741ja","status":"publish","type":"product","link":"https:\/\/tusa.viewsite.link\/es\/producto\/lente-correctora-para-vps-741ja\/","title":{"rendered":"Lente correctora para VPS-741JA"},"content":{"rendered":"<p>Las lentes correctoras VC-750A son lentes correctoras vers\u00e1tiles +\/- que pueden combinarse con el kit de piezas VPS-741JA para personalizar un par de gafas correctoras. Con s\u00f3lo dos lentes y un kit de correas VPS-741A, el nadador tiene un par de gafas personalizadas y una visi\u00f3n totalmente nueva bajo el agua.  Disponibles en incrementos de 1,0 dioptr\u00eda de -2,0 a -7,0, y en incrementos de 1,0 dioptr\u00eda de 0,0 a +6,0. Con una variedad de +\/- dioptr\u00edas para elegir, estas lentes son f\u00e1ciles de montar y ajustar.  Nota: si compras el kit de piezas VPS-741JA, se necesitan dos lentes para completar la gafa.  <\/p>\n<p>&nbsp;<\/p>\n<p><strong>Dimensiones:<\/strong><\/p>\n<p>Dimensiones: 1 x 4 x 2 pulgadas<br \/>\n Peso: 0,1 lb<\/p>\n","protected":false},"excerpt":{"rendered":"<p>Las lentes correctoras VC-750A son lentes correctoras +\/- vers\u00e1tiles que pueden combinarse con el Kit de piezas VPS-741JA para personalizar un par de gafas correctoras.<\/p>\n","protected":false},"featured_media":19411,"comment_status":"closed","ping_status":"closed","template":"","meta":{"_acf_changed":false},"product_cat":[441],"product_tag":[],"class_list":{"0":"post-19405","1":"product","2":"type-product","3":"status-publish","4":"has-post-thumbnail","6":"product_cat-lentes-correctoras","8":"first","9":"instock","10":"purchasable","11":"product-type-variable"},"acf":[],"_links":{"self":[{"href":"https:\/\/tusa.viewsite.link\/es\/wp-json\/wp\/v2\/product\/19405","targetHints":{"allow":["GET"]}}],"collection":[{"href":"https:\/\/tusa.viewsite.link\/es\/wp-json\/wp\/v2\/product"}],"about":[{"href":"https:\/\/tusa.viewsite.link\/es\/wp-json\/wp\/v2\/types\/product"}],"replies":[{"embeddable":true,"href":"https:\/\/tusa.viewsite.link\/es\/wp-json\/wp\/v2\/comments?post=19405"}],"wp:featuredmedia":[{"embeddable":true,"href":"https:\/\/tusa.viewsite.link\/es\/wp-json\/wp\/v2\/media\/19411"}],"wp:attachment":[{"href":"https:\/\/tusa.viewsite.link\/es\/wp-json\/wp\/v2\/media?parent=19405"}],"wp:term":[{"taxonomy":"product_cat","embeddable":true,"href":"https:\/\/tusa.viewsite.link\/es\/wp-json\/wp\/v2\/product_cat?post=19405"},{"taxonomy":"product_tag","embeddable":true,"href":"https:\/\/tusa.viewsite.link\/es\/wp-json\/wp\/v2\/product_tag?post=19405"}],"curies":[{"name":"wp","href":"https:\/\/api.w.org\/{rel}","templated":true}]}}